{"id":67,"date":"2021-01-11T15:45:50","date_gmt":"2021-01-11T14:45:50","guid":{"rendered":"http:\/\/auteursenresidence-turmeliere.fr\/?page_id=67"},"modified":"2022-04-13T10:08:30","modified_gmt":"2022-04-13T08:08:30","slug":"balade-litteraire","status":"publish","type":"page","link":"https:\/\/auteursenresidence-turmeliere.fr\/index.php\/les-residences-passees\/benoit-broyart\/balade-litteraire\/","title":{"rendered":"Balade litt\u00e9raire"},"content":{"rendered":"<p>Une rencontre le 23 janvier 2021&#8230; En chair et en os! Parce qu&rsquo;aussi int\u00e9ressante qu&rsquo;ai \u00e9t\u00e9 cette ouverture de r\u00e9sidence en visio-conf\u00e9rence, nous r\u00eavions de sourires et de voix \u00ab\u00a0chaudes\u00a0\u00bb, nous avons imagin\u00e9, pour ce premier week-end\u00a0 de Beno\u00eet \u00e0 la Turmeli\u00e8re une balade litt\u00e9raire.<\/p>\n<p>L&rsquo;id\u00e9e \u00e9tait de proposer aux curieux un m\u00e9lange de visite guid\u00e9e du site de la Turmeli\u00e8re, propos\u00e9es par le m\u00e9diateur du livre du ch\u00e2teau et de lectures \u00e0 voix hautes propos\u00e9es par Beno\u00eet.<\/p>\n<p>Et si les membres du groupe Terres d&rsquo;Ecritures fr\u00e9quentent la Turmeli\u00e8re depuis quelques temps, la visite a pourtant \u00e9t\u00e9 riche en surprises! D&rsquo;une vision un peu d\u00e9cal\u00e9e de la pr\u00e9sence de Joachym du Bellay \u00e0 la lecture de textes racontant les r\u00e9flexions \u00e9cologistes de Beno\u00eet, nous avons pass\u00e9 un beau moment! Et si nous avions su passer entre les gouttes pour la balade guid\u00e9e, nous avons pu nous r\u00e9fugier dans la cabane \u00e0 mots pour les\u00a0 lectures de Beno\u00eet!<\/p>\n<p>&nbsp;<\/p>\n<figure id=\"attachment_177\" aria-describedby=\"caption-attachment-177\" style=\"width: 583px\" class=\"wp-caption alignright\"><img loading=\"lazy\" class=\" wp-image-177\" src=\"http:\/\/auteursenresidence-turmeliere.fr\/wp-content\/uploads\/2021\/05\/PHOTO-TERRE-DECRITURE-2-300x225.jpg\" alt=\"\" width=\"583\" height=\"437\" srcset=\"https:\/\/auteursenresidence-turmeliere.fr\/wp-content\/uploads\/2021\/05\/PHOTO-TERRE-DECRITURE-2-300x225.jpg 300w, https:\/\/auteursenresidence-turmeliere.fr\/wp-content\/uploads\/2021\/05\/PHOTO-TERRE-DECRITURE-2-1024x768.jpg 1024w, https:\/\/auteursenresidence-turmeliere.fr\/wp-content\/uploads\/2021\/05\/PHOTO-TERRE-DECRITURE-2-768x576.jpg 768w, https:\/\/auteursenresidence-turmeliere.fr\/wp-content\/uploads\/2021\/05\/PHOTO-TERRE-DECRITURE-2-1536x1152.jpg 1536w, https:\/\/auteursenresidence-turmeliere.fr\/wp-content\/uploads\/2021\/05\/PHOTO-TERRE-DECRITURE-2-360x270.jpg 360w, https:\/\/auteursenresidence-turmeliere.fr\/wp-content\/uploads\/2021\/05\/PHOTO-TERRE-DECRITURE-2.jpg 2048w\" sizes=\"(max-width: 583px) 100vw, 583px\" \/><figcaption id=\"caption-attachment-177\" class=\"wp-caption-text\">Suivie d&rsquo;une lecture bien au chaud!<\/figcaption><\/figure>\n<p>&nbsp;<\/p>\n<p>&nbsp;<\/p>\n<p>&nbsp;<\/p>\n<p>&nbsp;<\/p>\n<p>&nbsp;<\/p>\n<figure id=\"attachment_176\" aria-describedby=\"caption-attachment-176\" style=\"width: 451px\" class=\"wp-caption alignnone\"><img loading=\"lazy\" class=\" wp-image-176\" src=\"http:\/\/auteursenresidence-turmeliere.fr\/wp-content\/uploads\/2021\/05\/photo-terre-decriture-1-300x225.jpg\" alt=\"\" width=\"451\" height=\"338\" srcset=\"https:\/\/auteursenresidence-turmeliere.fr\/wp-content\/uploads\/2021\/05\/photo-terre-decriture-1-300x225.jpg 300w, https:\/\/auteursenresidence-turmeliere.fr\/wp-content\/uploads\/2021\/05\/photo-terre-decriture-1-1024x768.jpg 1024w, https:\/\/auteursenresidence-turmeliere.fr\/wp-content\/uploads\/2021\/05\/photo-terre-decriture-1-768x576.jpg 768w, https:\/\/auteursenresidence-turmeliere.fr\/wp-content\/uploads\/2021\/05\/photo-terre-decriture-1-1536x1152.jpg 1536w, https:\/\/auteursenresidence-turmeliere.fr\/wp-content\/uploads\/2021\/05\/photo-terre-decriture-1-2048x1536.jpg 2048w, https:\/\/auteursenresidence-turmeliere.fr\/wp-content\/uploads\/2021\/05\/photo-terre-decriture-1-360x270.jpg 360w\" sizes=\"(max-width: 451px) 100vw, 451px\" \/><figcaption id=\"caption-attachment-176\" class=\"wp-caption-text\">Une visite entre les gouttes&#8230;<\/figcaption><\/figure>\n<p>&nbsp;<\/p>\n<p>&nbsp;<\/p>\n<p>&nbsp;<\/p>\n<p>Ensuite, et pour la fin de la matin\u00e9e, nous avons pu accueillir les courageux curieux venus affronter la pluie et le froid pour le plaisir d&rsquo;une matin\u00e9e litt\u00e9raire. Ils ont \u00e9t\u00e9 r\u00e9compens\u00e9s par ce moment magique dans la grotte artificielle du parc romantique:<\/p>\n<p>&nbsp;<\/p>\n<p><img loading=\"lazy\" class=\"alignnone wp-image-132\" src=\"http:\/\/auteursenresidence-turmeliere.fr\/wp-content\/uploads\/2021\/01\/IMG_20210123_1139491-300x225.jpg\" alt=\"\" width=\"1036\" height=\"777\" srcset=\"https:\/\/auteursenresidence-turmeliere.fr\/wp-content\/uploads\/2021\/01\/IMG_20210123_1139491-300x225.jpg 300w, https:\/\/auteursenresidence-turmeliere.fr\/wp-content\/uploads\/2021\/01\/IMG_20210123_1139491-1024x768.jpg 1024w, https:\/\/auteursenresidence-turmeliere.fr\/wp-content\/uploads\/2021\/01\/IMG_20210123_1139491-768x576.jpg 768w, https:\/\/auteursenresidence-turmeliere.fr\/wp-content\/uploads\/2021\/01\/IMG_20210123_1139491-1536x1152.jpg 1536w, https:\/\/auteursenresidence-turmeliere.fr\/wp-content\/uploads\/2021\/01\/IMG_20210123_1139491-2048x1536.jpg 2048w, https:\/\/auteursenresidence-turmeliere.fr\/wp-content\/uploads\/2021\/01\/IMG_20210123_1139491-360x270.jpg 360w\" sizes=\"(max-width: 1036px) 100vw, 1036px\" \/><\/p>\n","protected":false},"excerpt":{"rendered":"<p>Une rencontre le 23 janvier 2021&#8230; En chair et en os! Parce qu&rsquo;aussi int\u00e9ressante qu&rsquo;ai \u00e9t\u00e9 cette ouverture de r\u00e9sidence en visio-conf\u00e9rence, nous r\u00eavions de sourires et de voix \u00ab\u00a0chaudes\u00a0\u00bb, nous avons imagin\u00e9, pour ce premier week-end\u00a0 de Beno\u00eet \u00e0 la Turmeli\u00e8re une balade litt\u00e9raire. L&rsquo;id\u00e9e \u00e9tait de proposer aux curieux un m\u00e9lange de visite guid\u00e9e du site de la Turmeli\u00e8re, propos\u00e9es par le m\u00e9diateur du livre du ch\u00e2teau et de lectures \u00e0 voix hautes propos\u00e9es par Beno\u00eet. Et si&#8230;<\/p>\n<p class=\"read-more\"><a class=\"btn btn-default\" href=\"https:\/\/auteursenresidence-turmeliere.fr\/index.php\/les-residences-passees\/benoit-broyart\/balade-litteraire\/\">Lire la suite<span class=\"screen-reader-text\"> Lire la suite<\/span><\/a><\/p>\n","protected":false},"author":1,"featured_media":0,"parent":258,"menu_order":0,"comment_status":"closed","ping_status":"closed","template":"","meta":[],"_links":{"self":[{"href":"https:\/\/auteursenresidence-turmeliere.fr\/index.php\/wp-json\/wp\/v2\/pages\/67"}],"collection":[{"href":"https:\/\/auteursenresidence-turmeliere.fr\/index.php\/wp-json\/wp\/v2\/pages"}],"about":[{"href":"https:\/\/auteursenresidence-turmeliere.fr\/index.php\/wp-json\/wp\/v2\/types\/page"}],"author":[{"embeddable":true,"href":"https:\/\/auteursenresidence-turmeliere.fr\/index.php\/wp-json\/wp\/v2\/users\/1"}],"replies":[{"embeddable":true,"href":"https:\/\/auteursenresidence-turmeliere.fr\/index.php\/wp-json\/wp\/v2\/comments?post=67"}],"version-history":[{"count":7,"href":"https:\/\/auteursenresidence-turmeliere.fr\/index.php\/wp-json\/wp\/v2\/pages\/67\/revisions"}],"predecessor-version":[{"id":344,"href":"https:\/\/auteursenresidence-turmeliere.fr\/index.php\/wp-json\/wp\/v2\/pages\/67\/revisions\/344"}],"up":[{"embeddable":true,"href":"https:\/\/auteursenresidence-turmeliere.fr\/index.php\/wp-json\/wp\/v2\/pages\/258"}],"wp:attachment":[{"href":"https:\/\/auteursenresidence-turmeliere.fr\/index.php\/wp-json\/wp\/v2\/media?parent=67"}],"curies":[{"name":"wp","href":"https:\/\/api.w.org\/{rel}","templated":true}]}}