{"id":394,"date":"2024-10-22T09:56:46","date_gmt":"2024-10-22T07:56:46","guid":{"rendered":"http:\/\/auteursenresidence-turmeliere.fr\/?page_id=394"},"modified":"2024-10-22T10:18:50","modified_gmt":"2024-10-22T08:18:50","slug":"residence-de-baptiste-cogitore","status":"publish","type":"page","link":"https:\/\/auteursenresidence-turmeliere.fr\/index.php\/residence-de-baptiste-cogitore\/","title":{"rendered":"R\u00e9sidence de Baptiste Cogitore"},"content":{"rendered":"<p><span style=\"font-family: Calibri, sans-serif;\"><span style=\"color: #000000;\"><img loading=\"lazy\" class=\"size-medium wp-image-409 alignleft\" src=\"http:\/\/auteursenresidence-turmeliere.fr\/wp-content\/uploads\/2024\/10\/Baptiste_Cogitore\u00a9Elisabeth_ROGER-12-petitformat-200x300.jpg\" alt=\"\" width=\"200\" height=\"300\" srcset=\"https:\/\/auteursenresidence-turmeliere.fr\/wp-content\/uploads\/2024\/10\/Baptiste_Cogitore\u00a9Elisabeth_ROGER-12-petitformat-200x300.jpg 200w, https:\/\/auteursenresidence-turmeliere.fr\/wp-content\/uploads\/2024\/10\/Baptiste_Cogitore\u00a9Elisabeth_ROGER-12-petitformat-180x270.jpg 180w, https:\/\/auteursenresidence-turmeliere.fr\/wp-content\/uploads\/2024\/10\/Baptiste_Cogitore\u00a9Elisabeth_ROGER-12-petitformat.jpg 500w\" sizes=\"(max-width: 200px) 100vw, 200px\" \/>Baptiste Cogitore agit dans plusieurs champs artistiques et entrem\u00eale ces genres dans ses travaux\u00a0: la po\u00e9sie, la photographie, la r\u00e9alisation de films documentaires, les \u00e9crits de non-fiction. Il se d\u00e9fini comme \u00ab\u00a0un journaliste qui n\u2019a pas renonc\u00e9 \u00e0 la po\u00e9sie\u00a0\u00bb qui \u00ab\u00a0cherche \u00e0 comprendre plut\u00f4t que de vouloir juger\u00a0\u00bb. Dans le cadre de sa r\u00e9sidence \u00e0 la Turmeli\u00e8re, il souhaite d\u00e9velopper un projet d\u2019\u00e9criture autour de la \u00ab\u00a0g\u00e9opo\u00e9tique\u00a0\u00bb des lieux en sillonnant les territoires du Pays d&rsquo;Ancenis et des Mauges.<\/span> <\/span><\/p>\n","protected":false},"excerpt":{"rendered":"<p>Baptiste Cogitore agit dans plusieurs champs artistiques et entrem\u00eale ces genres dans ses travaux\u00a0: la po\u00e9sie, la photographie, la r\u00e9alisation de films documentaires, les \u00e9crits de non-fiction. Il se d\u00e9fini comme \u00ab\u00a0un journaliste qui n\u2019a pas renonc\u00e9 \u00e0 la po\u00e9sie\u00a0\u00bb qui \u00ab\u00a0cherche \u00e0 comprendre plut\u00f4t que de vouloir juger\u00a0\u00bb. Dans le cadre de sa r\u00e9sidence \u00e0 la Turmeli\u00e8re, il souhaite d\u00e9velopper un projet d\u2019\u00e9criture autour de la \u00ab\u00a0g\u00e9opo\u00e9tique\u00a0\u00bb des lieux en sillonnant les territoires du Pays d&rsquo;Ancenis et des Mauges.<\/p>\n","protected":false},"author":1,"featured_media":0,"parent":0,"menu_order":0,"comment_status":"closed","ping_status":"closed","template":"","meta":[],"_links":{"self":[{"href":"https:\/\/auteursenresidence-turmeliere.fr\/index.php\/wp-json\/wp\/v2\/pages\/394"}],"collection":[{"href":"https:\/\/auteursenresidence-turmeliere.fr\/index.php\/wp-json\/wp\/v2\/pages"}],"about":[{"href":"https:\/\/auteursenresidence-turmeliere.fr\/index.php\/wp-json\/wp\/v2\/types\/page"}],"author":[{"embeddable":true,"href":"https:\/\/auteursenresidence-turmeliere.fr\/index.php\/wp-json\/wp\/v2\/users\/1"}],"replies":[{"embeddable":true,"href":"https:\/\/auteursenresidence-turmeliere.fr\/index.php\/wp-json\/wp\/v2\/comments?post=394"}],"version-history":[{"count":5,"href":"https:\/\/auteursenresidence-turmeliere.fr\/index.php\/wp-json\/wp\/v2\/pages\/394\/revisions"}],"predecessor-version":[{"id":410,"href":"https:\/\/auteursenresidence-turmeliere.fr\/index.php\/wp-json\/wp\/v2\/pages\/394\/revisions\/410"}],"wp:attachment":[{"href":"https:\/\/auteursenresidence-turmeliere.fr\/index.php\/wp-json\/wp\/v2\/media?parent=394"}],"curies":[{"name":"wp","href":"https:\/\/api.w.org\/{rel}","templated":true}]}}