{"id":34,"date":"2020-10-14T16:17:11","date_gmt":"2020-10-14T14:17:11","guid":{"rendered":"http:\/\/auteursenresidence-turmeliere.fr\/?page_id=34"},"modified":"2022-04-13T10:11:51","modified_gmt":"2022-04-13T08:11:51","slug":"isabelle-damotte","status":"publish","type":"page","link":"https:\/\/auteursenresidence-turmeliere.fr\/index.php\/les-residences-passees\/isabelle-damotte\/","title":{"rendered":"Isabelle Damotte"},"content":{"rendered":"<header class=\"entry-header\">\n<h1 class=\"entry-title\">La r\u00e9sidence 2016<\/h1>\n<\/header>\n<div class=\"entry-content\">\n<p><strong><a href=\"https:\/\/residenceisabelledamotte.files.wordpress.com\/2015\/07\/isabelle-damotte.jpg\" rel=\"attachment wp-att-4\"><img loading=\"lazy\" class=\" wp-image-4 alignleft\" src=\"https:\/\/residenceisabelledamotte.files.wordpress.com\/2015\/07\/isabelle-damotte.jpg?w=309&amp;h=412\" sizes=\"(max-width: 309px) 100vw, 309px\" srcset=\"https:\/\/residenceisabelledamotte.files.wordpress.com\/2015\/07\/isabelle-damotte.jpg?w=309&amp;h=412 309w, https:\/\/residenceisabelledamotte.files.wordpress.com\/2015\/07\/isabelle-damotte.jpg?w=618&amp;h=824 618w, https:\/\/residenceisabelledamotte.files.wordpress.com\/2015\/07\/isabelle-damotte.jpg?w=113&amp;h=150 113w, https:\/\/residenceisabelledamotte.files.wordpress.com\/2015\/07\/isabelle-damotte.jpg?w=225&amp;h=300 225w\" alt=\"Isabelle-Damotte\" width=\"309\" height=\"412\" data-attachment-id=\"4\" data-permalink=\"https:\/\/residenceisabelledamotte.wordpress.com\/la-residence-2016\/isabelle-damotte\/#main\" data-orig-file=\"https:\/\/residenceisabelledamotte.files.wordpress.com\/2015\/07\/isabelle-damotte.jpg\" data-orig-size=\"3000,4000\" data-comments-opened=\"1\" data-image-meta=\"{&quot;aperture&quot;:&quot;5.6&quot;,&quot;credit&quot;:&quot;&quot;,&quot;camera&quot;:&quot;DMC-FX100&quot;,&quot;caption&quot;:&quot;&quot;,&quot;created_timestamp&quot;:&quot;1314291447&quot;,&quot;copyright&quot;:&quot;&quot;,&quot;focal_length&quot;:&quot;21.4&quot;,&quot;iso&quot;:&quot;80&quot;,&quot;shutter_speed&quot;:&quot;0.003125&quot;,&quot;title&quot;:&quot;&quot;,&quot;orientation&quot;:&quot;1&quot;}\" data-image-title=\"Isabelle-Damotte\" data-image-description=\"\" data-medium-file=\"https:\/\/residenceisabelledamotte.files.wordpress.com\/2015\/07\/isabelle-damotte.jpg?w=225\" data-large-file=\"https:\/\/residenceisabelledamotte.files.wordpress.com\/2015\/07\/isabelle-damotte.jpg?w=768\" \/><\/a><\/strong><strong>Entre novembre 2015 et juin 2016, Isabelle Damotte \u00e9tait pr\u00e9sente sur le territoire des Mauges et du Pays\u00a0 d\u2019Ancenis pour une r\u00e9sidence ponctu\u00e9e de rencontres, de lectures et d\u2019ateliers.<\/strong><\/p>\n<p align=\"JUSTIFY\">Au terme de longues ann\u00e9es consacr\u00e9es \u00e0 l\u2019enseignement en \u00e9cole primaire, Isabelle Damotte a choisi de se consacrer exclusivement \u00e0 l\u2019\u00e9criture et \u00e0 toutes formes de m\u00e9diations autour de la po\u00e9sie contemporaine.<\/p>\n<p align=\"JUSTIFY\">Apr\u00e8s avoir ouvert chaque matin la porte de sa classe, elle aime \u00e0 dire qu\u2019elle ouvre \u00e0 pr\u00e9sent les fen\u00eatres \u2013 en \u00e9crivant, en lisant, en \u00e9tant lue.<\/p>\n<p align=\"JUSTIFY\">Attach\u00e9e \u00e0 lier lecture et \u00e9criture, elle anime des ateliers d\u2019\u00e9criture, cr\u00e9e des jeux, des livres et anime des conf\u00e9rences.<\/p>\n<p class=\"western\" align=\"JUSTIFY\">\u00ab Il est n\u00e9cessaire de s\u2019inventer un peu Voyageur Po\u00e8te R\u00eaveur, et de lire et lire encore, \u00e0 voix haute, pour que r\u00e9sonnent les mots \u00bb. <i>Isabelle Damotte<\/i><\/p>\n<\/div>\n<p>&nbsp;<\/p>\n<p>&nbsp;<\/p>\n<p>\u21d3 Cliquez sur le lien ci-dessous pour avoir plus d&rsquo;informations sur la r\u00e9sidence de cette auteure \u00e0 la Turmeli\u00e8re en 2016 \u21d3<\/p>\n<p><a href=\"https:\/\/residenceisabelledamotte.wordpress.com\/\">La r\u00e9sidence 2016<\/a><\/p>\n<p>&nbsp;<\/p>\n","protected":false},"excerpt":{"rendered":"<p>La r\u00e9sidence 2016 Entre novembre 2015 et juin 2016, Isabelle Damotte \u00e9tait pr\u00e9sente sur le territoire des Mauges et du Pays\u00a0 d\u2019Ancenis pour une r\u00e9sidence ponctu\u00e9e de rencontres, de lectures et d\u2019ateliers. Au terme de longues ann\u00e9es consacr\u00e9es \u00e0 l\u2019enseignement en \u00e9cole primaire, Isabelle Damotte a choisi de se consacrer exclusivement \u00e0 l\u2019\u00e9criture et \u00e0 toutes formes de m\u00e9diations autour de la po\u00e9sie contemporaine. Apr\u00e8s avoir ouvert chaque matin la porte de sa classe, elle aime \u00e0 dire qu\u2019elle ouvre&#8230;<\/p>\n<p class=\"read-more\"><a class=\"btn btn-default\" href=\"https:\/\/auteursenresidence-turmeliere.fr\/index.php\/les-residences-passees\/isabelle-damotte\/\">Lire la suite<span class=\"screen-reader-text\"> Lire la suite<\/span><\/a><\/p>\n","protected":false},"author":1,"featured_media":0,"parent":30,"menu_order":0,"comment_status":"closed","ping_status":"closed","template":"","meta":[],"_links":{"self":[{"href":"https:\/\/auteursenresidence-turmeliere.fr\/index.php\/wp-json\/wp\/v2\/pages\/34"}],"collection":[{"href":"https:\/\/auteursenresidence-turmeliere.fr\/index.php\/wp-json\/wp\/v2\/pages"}],"about":[{"href":"https:\/\/auteursenresidence-turmeliere.fr\/index.php\/wp-json\/wp\/v2\/types\/page"}],"author":[{"embeddable":true,"href":"https:\/\/auteursenresidence-turmeliere.fr\/index.php\/wp-json\/wp\/v2\/users\/1"}],"replies":[{"embeddable":true,"href":"https:\/\/auteursenresidence-turmeliere.fr\/index.php\/wp-json\/wp\/v2\/comments?post=34"}],"version-history":[{"count":4,"href":"https:\/\/auteursenresidence-turmeliere.fr\/index.php\/wp-json\/wp\/v2\/pages\/34\/revisions"}],"predecessor-version":[{"id":346,"href":"https:\/\/auteursenresidence-turmeliere.fr\/index.php\/wp-json\/wp\/v2\/pages\/34\/revisions\/346"}],"up":[{"embeddable":true,"href":"https:\/\/auteursenresidence-turmeliere.fr\/index.php\/wp-json\/wp\/v2\/pages\/30"}],"wp:attachment":[{"href":"https:\/\/auteursenresidence-turmeliere.fr\/index.php\/wp-json\/wp\/v2\/media?parent=34"}],"curies":[{"name":"wp","href":"https:\/\/api.w.org\/{rel}","templated":true}]}}