{"id":32,"date":"2020-10-14T15:04:01","date_gmt":"2020-10-14T13:04:01","guid":{"rendered":"http:\/\/auteursenresidence-turmeliere.fr\/?page_id=32"},"modified":"2022-04-13T10:12:25","modified_gmt":"2022-04-13T08:12:25","slug":"claire-audhuy","status":"publish","type":"page","link":"https:\/\/auteursenresidence-turmeliere.fr\/index.php\/les-residences-passees\/claire-audhuy\/","title":{"rendered":"Claire Audhuy"},"content":{"rendered":"<p><strong>De novembre 2018 \u00e0 mai 2019, Claire Audhuy a \u00e9t\u00e9 pr\u00e9sente sur le territoire des Mauges et du Pays d\u2019Ancenis pour une r\u00e9sidence ponctu\u00e9e de lectures, de rencontres et d\u2019ateliers.<\/strong><\/p>\n<div id=\"attachment_86\" class=\"wp-caption alignleft\" data-shortcode=\"caption\">\n<p><img loading=\"lazy\" class=\" size-medium wp-image-86 alignleft\" src=\"https:\/\/residenceclaireaudhuy.files.wordpress.com\/2018\/10\/audhuy-par-franc3a7ois-nusbaumer.jpeg?w=225&amp;h=300\" sizes=\"(max-width: 225px) 100vw, 225px\" srcset=\"https:\/\/residenceclaireaudhuy.files.wordpress.com\/2018\/10\/audhuy-par-franc3a7ois-nusbaumer.jpeg?w=225&amp;h=300 225w, https:\/\/residenceclaireaudhuy.files.wordpress.com\/2018\/10\/audhuy-par-franc3a7ois-nusbaumer.jpeg?w=450&amp;h=600 450w, https:\/\/residenceclaireaudhuy.files.wordpress.com\/2018\/10\/audhuy-par-franc3a7ois-nusbaumer.jpeg?w=112&amp;h=150 112w\" alt=\"AUDHUY par Fran\u00e7ois Nusbaumer\" width=\"225\" height=\"300\" aria-describedby=\"caption-attachment-86\" data-attachment-id=\"86\" data-permalink=\"https:\/\/residenceclaireaudhuy.wordpress.com\/accueil\/audhuy-par-francois-nusbaumer\/#main\" data-orig-file=\"https:\/\/residenceclaireaudhuy.files.wordpress.com\/2018\/10\/audhuy-par-franc3a7ois-nusbaumer.jpeg\" data-orig-size=\"1417,1890\" data-comments-opened=\"1\" data-image-meta=\"{&quot;aperture&quot;:&quot;0&quot;,&quot;credit&quot;:&quot;&quot;,&quot;camera&quot;:&quot;&quot;,&quot;caption&quot;:&quot;&quot;,&quot;created_timestamp&quot;:&quot;0&quot;,&quot;copyright&quot;:&quot;&quot;,&quot;focal_length&quot;:&quot;0&quot;,&quot;iso&quot;:&quot;0&quot;,&quot;shutter_speed&quot;:&quot;0&quot;,&quot;title&quot;:&quot;&quot;,&quot;orientation&quot;:&quot;0&quot;}\" data-image-title=\"AUDHUY par Fran\u00e7ois Nusbaumer\" data-image-description=\"\" data-medium-file=\"https:\/\/residenceclaireaudhuy.files.wordpress.com\/2018\/10\/audhuy-par-franc3a7ois-nusbaumer.jpeg?w=225\" data-large-file=\"https:\/\/residenceclaireaudhuy.files.wordpress.com\/2018\/10\/audhuy-par-franc3a7ois-nusbaumer.jpeg?w=620\" \/><\/p>\n<p id=\"caption-attachment-86\" class=\"wp-caption-text\">Claire Audhuy \u00a9Fran\u00e7ois Nusbaumer<\/p>\n<\/div>\n<p>Claire Audhuy a pass\u00e9 son enfance entre l\u2019Auvergne et l\u2019Alsace. Elle en a tir\u00e9 ce besoin de m\u00e9moire et de transmission. Les moments pass\u00e9s avec sa grand-m\u00e8re, dont elle est tr\u00e8s proche, lui ont apport\u00e9 un nouvel \u00e9clairage sur la Seconde et la Premi\u00e8re Guerre mondiale, v\u00e9cue par son arri\u00e8re grand-p\u00e8re. Ses \u00e9tudes l\u2019ont d\u2019ailleurs pouss\u00e9e \u00e0 interroger la m\u00e9moire par le biais de l\u2019art et voir quels en \u00e9taient les legs aujourd\u2019hui.<\/p>\n<p>Dans le cadre de son m\u00e9moire de master en recherche th\u00e9\u00e2trale, \u00e0 l\u2019universit\u00e9 de Strasbourg. Claire Audhuy a choisi un sujet peu \u00e9tudi\u00e9 : la cr\u00e9ation th\u00e9\u00e2trale clandestine et r\u00e9sistante dans les camps nazis durant la Seconde Guerre mondiale. Elle exhume ainsi plusieurs oeuvres, et assure notamment la direction scientifique de l\u2019ouvrage <em>On a besoin d\u2019un fant\u00f4me<\/em>.<\/p>\n<p>Elle cr\u00e9e dans le m\u00eame temps <a href=\"http:\/\/www.rodeodame.fr\" target=\"_blank\" rel=\"noopener noreferrer\">l\u2019association Rod\u00e9o d\u2019\u00c2me<\/a>, compagnie de th\u00e9\u00e2tre et maison d\u2019\u00e9dition, qui propose un v\u00e9ritable dialogue entre l\u2019art et la m\u00e9moire au fil de rencontres artisitiques, th\u00e9\u00e2trales, photographiques ou encore musicales.<\/p>\n<p>Claire Audhuy \u00e9crit, met en sc\u00e8ne et joue des pi\u00e8ces de th\u00e9\u00e2tre. Les th\u00e9matiques de l\u2019exil, de la guerre, de la m\u00e9moire, de la migration, tr\u00e8s pr\u00e9sentes dans ses textes, lui permet de donner la parole \u00ab\u00a0\u00e0 ceux qui ne l\u2019ont pas\u00a0\u00bb : d\u00e9tenus, minorit\u00e9s, femmes migrantes, anciens d\u00e9port\u00e9s\u2026<\/p>\n<p>Elle se d\u00e9finit comme \u00ab\u00a0auteure du r\u00e9el\u00a0\u00bb et d\u00e9crit ses pi\u00e8ces comme du \u00ab\u00a0th\u00e9\u00e2tre documentaire\u00a0\u00bb, \u00e9crivant \u00e0 partir de t\u00e9moignages et d\u2019informations r\u00e9elles.<\/p>\n<p>Elle \u00e9crit par ailleurs de la po\u00e9sie, et a sorti un album jeunesse en 2018 : <em>Un n\u00f4tre pays<\/em>.<\/p>\n<p>Elle est \u00e9galement conf\u00e9renci\u00e8re et intervenante artisitique aupr\u00e8s de coll\u00e9giens, lyc\u00e9ens, publics emp\u00each\u00e9s\u2026<\/p>\n<p>&nbsp;<\/p>\n<p>\u21d3 Cliquez sur le lien ci-dessous pour en savoir plus sur la r\u00e9sidence de cette auteure \u21d3<\/p>\n<p><a href=\"http:\/\/La r\u00e9sidence de Claire Audhuy\">https:\/\/residenceclaireaudhuy.wordpress.com\/<\/a><\/p>\n","protected":false},"excerpt":{"rendered":"<p>De novembre 2018 \u00e0 mai 2019, Claire Audhuy a \u00e9t\u00e9 pr\u00e9sente sur le territoire des Mauges et du Pays d\u2019Ancenis pour une r\u00e9sidence ponctu\u00e9e de lectures, de rencontres et d\u2019ateliers. Claire Audhuy \u00a9Fran\u00e7ois Nusbaumer Claire Audhuy a pass\u00e9 son enfance entre l\u2019Auvergne et l\u2019Alsace. Elle en a tir\u00e9 ce besoin de m\u00e9moire et de transmission. Les moments pass\u00e9s avec sa grand-m\u00e8re, dont elle est tr\u00e8s proche, lui ont apport\u00e9 un nouvel \u00e9clairage sur la Seconde et la Premi\u00e8re Guerre mondiale,&#8230;<\/p>\n<p class=\"read-more\"><a class=\"btn btn-default\" href=\"https:\/\/auteursenresidence-turmeliere.fr\/index.php\/les-residences-passees\/claire-audhuy\/\">Lire la suite<span class=\"screen-reader-text\"> Lire la suite<\/span><\/a><\/p>\n","protected":false},"author":1,"featured_media":0,"parent":30,"menu_order":1,"comment_status":"closed","ping_status":"closed","template":"","meta":[],"_links":{"self":[{"href":"https:\/\/auteursenresidence-turmeliere.fr\/index.php\/wp-json\/wp\/v2\/pages\/32"}],"collection":[{"href":"https:\/\/auteursenresidence-turmeliere.fr\/index.php\/wp-json\/wp\/v2\/pages"}],"about":[{"href":"https:\/\/auteursenresidence-turmeliere.fr\/index.php\/wp-json\/wp\/v2\/types\/page"}],"author":[{"embeddable":true,"href":"https:\/\/auteursenresidence-turmeliere.fr\/index.php\/wp-json\/wp\/v2\/users\/1"}],"replies":[{"embeddable":true,"href":"https:\/\/auteursenresidence-turmeliere.fr\/index.php\/wp-json\/wp\/v2\/comments?post=32"}],"version-history":[{"count":6,"href":"https:\/\/auteursenresidence-turmeliere.fr\/index.php\/wp-json\/wp\/v2\/pages\/32\/revisions"}],"predecessor-version":[{"id":347,"href":"https:\/\/auteursenresidence-turmeliere.fr\/index.php\/wp-json\/wp\/v2\/pages\/32\/revisions\/347"}],"up":[{"embeddable":true,"href":"https:\/\/auteursenresidence-turmeliere.fr\/index.php\/wp-json\/wp\/v2\/pages\/30"}],"wp:attachment":[{"href":"https:\/\/auteursenresidence-turmeliere.fr\/index.php\/wp-json\/wp\/v2\/media?parent=32"}],"curies":[{"name":"wp","href":"https:\/\/api.w.org\/{rel}","templated":true}]}}