{"id":290,"date":"2022-04-13T09:18:59","date_gmt":"2022-04-13T07:18:59","guid":{"rendered":"https:\/\/auteursenresidence-turmeliere.fr\/?page_id=290"},"modified":"2023-05-31T16:48:42","modified_gmt":"2023-05-31T14:48:42","slug":"memoires-de-residence","status":"publish","type":"page","link":"https:\/\/auteursenresidence-turmeliere.fr\/index.php\/residence-dauteur-de-florentine-rey\/historique-et-presentation\/memoires-de-residence\/","title":{"rendered":"M\u00e9moires de r\u00e9sidence"},"content":{"rendered":"<p>Florentine Rey, pour son entr\u00e9e dans le territoire, a \u00e9crit une lettre adress\u00e9 \u00e0 Joachim du Bellay. Une lettre d&rsquo;anniversaire pour jouer avec le po\u00e8te autour de ses mots et des mots \u00e0 venir&#8230; La lettre a \u00e9t\u00e9 lu par Florentine Rey le jeudi 30 juin 2022 Sous le Chapiteau d&rsquo;Or\u00e9e d&rsquo;Anjou.<\/p>\n<p>&nbsp;<\/p>\n<p class=\"western\"><span style=\"font-family: Calibri, serif;\">Le 30 mai 2022, Lir\u00e9. <\/span><\/p>\n<p class=\"western\"><span style=\"font-family: Calibri, serif;\">Cher Monsieur Du Bellay, <\/span><\/p>\n<p><span style=\"font-family: Liberation Serif, serif;\"><span style=\"font-family: Calibri, serif;\">Joyeux anniversaire. 500 ans\u00a0! J\u2019ai bien regard\u00e9 vos portraits, votre barbe est encore tr\u00e8s \u00e0 la mode\u00a0! L\u2019\u00e9v\u00e9nement de votre anniversaire n\u2019est peut-\u00eatre pas le meilleur moment pour ce qui va suivre mais j\u2019aimerais vous parler d\u2019un point important. Cela concerne votre \u00e9criture. <\/span><span style=\"font-family: Calibri, serif;\">Sans vouloir vous vexer, Monsieur Du Bellay, votre po\u00e9sie supporterait quelques petits arrangements. <\/span><span style=\"font-family: Calibri, serif;\">Le contexte a chang\u00e9, les enjeux ne sont plus les m\u00eames. \u00c0 la renaissance, les adjectifs sont peut-\u00eatre de belles parures mais de nos jours on s\u2019en m\u00e9fie. Ainsi pourriez-vous faire l\u2019\u00e9conomie de quelques <\/span><span style=\"font-family: Calibri, serif;\"><i>\u00e9ternel.<\/i><\/span><span style=\"font-family: Calibri, serif;\"> Quant \u00e0 l\u2019alexandrin, vertige de la rime et de la pr\u00e9cision, c\u2019est un travail de longue haleine sans doute passionnant mais peut-\u00eatre un peu ronronnant. Le lecteur contemporain, ce qu\u2019il veut, c\u2019est participer. Il faut lui laisser de la place, qu\u2019il puisse glisser ses notes et ses propres respirations dans votre musique.<\/span><\/span><\/p>\n<p><span style=\"font-family: Liberation Serif, serif;\"><span style=\"font-family: Calibri, serif;\"><br \/>\n<\/span><span style=\"font-family: Calibri, serif;\"> Autre chose\u00a0: quand vous \u00e9crivez\u00a0: <\/span><span style=\"font-family: Calibri, serif;\"><i>\u00d4 mar\u00e2tre nature (et mar\u00e2tre es-tu bien de ne m\u2019avoir plus sage ou plus heureux fait na\u00eetre)<\/i><\/span><span style=\"font-family: Calibri, serif;\">\u00a0: la nature mar\u00e2tre, c\u2019est proscrit, Monsieur Du Bellay. De nos jours la nature on la respecte. Vous qui vous int\u00e9ressez au droit, savez-vous que dans certains pays on l\u00e9gif\u00e8re pour que les fleuves, les arbres, les rochers deviennent des personnes\u00a0?<\/span><\/span><\/p>\n<p><span style=\"font-family: Liberation Serif, serif;\"><span style=\"font-family: Calibri, serif;\">Et ce <\/span><span style=\"font-family: Calibri, serif;\"><i>\u00d4<\/i><\/span><span style=\"font-family: Calibri, serif;\">\u00a0? Je comprends qu\u2019il souligne l\u2019\u00e9tat contemplatif que partage souvent les po\u00e8tes mais ne pourrait-on pas le remplacer par Quelles\u00a0? <\/span><span style=\"font-family: Calibri, serif;\"><i>\u00d4 belles dents d\u2019\u00e9b\u00e8ne\u00a0\/ \u00f4 pr\u00e9cieux tr\u00e9sors<\/i><\/span><span style=\"font-family: Calibri, serif;\">\u00a0: quelles belles dents d\u2019\u00e9b\u00e8ne, quels pr\u00e9cieux tr\u00e9sors\u00a0! Un ton plus familier si\u00e9ra mieux \u00e0 l\u2019\u00e9poque et \u00e7a ne change pas le nombre de pieds. Et pourquoi ne pas remplacer vos NI par des AVEC\u00a0? <\/span><span style=\"font-family: Calibri, serif;\"><i>Ni la fureur de la flamme enrag\u00e9e \/ Ni le tranchant du fer victorieux \/ Ni le d\u00e9g\u00e2t du soldat furieux<\/i><\/span><span style=\"font-family: Calibri, serif;\">\u00a0: AVEC la fureur de la flamme enrag\u00e9e \/ AVEC le tranchant du fer victorieux. C\u2019est plus inclusif. Aujourd\u2019hui on cherche \u00e0 cr\u00e9er du commun, Monsieur Du Bellay, des syst\u00e8mes ouverts. On vit une p\u00e9riode de liens, de communication. Donc AVEC <\/span><span style=\"font-family: Calibri, serif;\"><i>les fleurs, les abeilles errantes<\/i><\/span><span style=\"font-family: Calibri, serif;\">, AVEC <\/span><span style=\"font-family: Calibri, serif;\"><i>les for\u00eats, les tresses verdoyantes,<\/i><\/span><span style=\"font-family: Calibri, serif;\"> AVEC <\/span><span style=\"font-family: Calibri, serif;\"><i>les oiseaux<\/i><\/span><span style=\"font-family: Calibri, serif;\">, AVEC <\/span><span style=\"font-family: Calibri, serif;\"><i>les rochers, les traces ondoyantes<\/i><\/span><span style=\"font-family: Calibri, serif;\">\u2026<\/span> <span style=\"font-family: Calibri, serif;\">Mais nous aurons l\u2019occasion de reparler de tout\u00a0\u00e7a de vive voix puisque que je m\u2019installe pour un temps dans vos murs. <\/span><\/span><\/p>\n<p>&nbsp;<\/p>\n<p class=\"western\"><span style=\"font-family: Times New Roman, serif;\"><span style=\"font-size: medium;\">Florentine. <\/span><\/span><\/p>\n<p>&nbsp;<\/p>\n<hr \/>\n<p class=\"western\" style=\"text-align: right;\">\n<p>Durant sa r\u00e9sidence \u00e0 La Turmeli\u00e8re, Florentine Rey a rencontr\u00e9 des habitants et leur a propos\u00e9 d&rsquo;exp\u00e9rimenter des conversations po\u00e9tiques face au paysage des ruines du ch\u00e2teau du po\u00e8te. Pour visionner le film des conversations po\u00e9tiques : <a href=\"https:\/\/vimeo.com\/830383060\">https:\/\/vimeo.com\/830383060<\/a><\/p>\n","protected":false},"excerpt":{"rendered":"<p>Florentine Rey, pour son entr\u00e9e dans le territoire, a \u00e9crit une lettre adress\u00e9 \u00e0 Joachim du Bellay. Une lettre d&rsquo;anniversaire pour jouer avec le po\u00e8te autour de ses mots et des mots \u00e0 venir&#8230; La lettre a \u00e9t\u00e9 lu par Florentine Rey le jeudi 30 juin 2022 Sous le Chapiteau d&rsquo;Or\u00e9e d&rsquo;Anjou. &nbsp; Le 30 mai 2022, Lir\u00e9. Cher Monsieur Du Bellay, Joyeux anniversaire. 500 ans\u00a0! J\u2019ai bien regard\u00e9 vos portraits, votre barbe est encore tr\u00e8s \u00e0 la mode\u00a0! L\u2019\u00e9v\u00e9nement&#8230;<\/p>\n<p class=\"read-more\"><a class=\"btn btn-default\" href=\"https:\/\/auteursenresidence-turmeliere.fr\/index.php\/residence-dauteur-de-florentine-rey\/historique-et-presentation\/memoires-de-residence\/\">Lire la suite<span class=\"screen-reader-text\"> Lire la suite<\/span><\/a><\/p>\n","protected":false},"author":1,"featured_media":0,"parent":269,"menu_order":0,"comment_status":"closed","ping_status":"closed","template":"","meta":[],"_links":{"self":[{"href":"https:\/\/auteursenresidence-turmeliere.fr\/index.php\/wp-json\/wp\/v2\/pages\/290"}],"collection":[{"href":"https:\/\/auteursenresidence-turmeliere.fr\/index.php\/wp-json\/wp\/v2\/pages"}],"about":[{"href":"https:\/\/auteursenresidence-turmeliere.fr\/index.php\/wp-json\/wp\/v2\/types\/page"}],"author":[{"embeddable":true,"href":"https:\/\/auteursenresidence-turmeliere.fr\/index.php\/wp-json\/wp\/v2\/users\/1"}],"replies":[{"embeddable":true,"href":"https:\/\/auteursenresidence-turmeliere.fr\/index.php\/wp-json\/wp\/v2\/comments?post=290"}],"version-history":[{"count":5,"href":"https:\/\/auteursenresidence-turmeliere.fr\/index.php\/wp-json\/wp\/v2\/pages\/290\/revisions"}],"predecessor-version":[{"id":384,"href":"https:\/\/auteursenresidence-turmeliere.fr\/index.php\/wp-json\/wp\/v2\/pages\/290\/revisions\/384"}],"up":[{"embeddable":true,"href":"https:\/\/auteursenresidence-turmeliere.fr\/index.php\/wp-json\/wp\/v2\/pages\/269"}],"wp:attachment":[{"href":"https:\/\/auteursenresidence-turmeliere.fr\/index.php\/wp-json\/wp\/v2\/media?parent=290"}],"curies":[{"name":"wp","href":"https:\/\/api.w.org\/{rel}","templated":true}]}}