{"id":287,"date":"2022-04-13T09:18:44","date_gmt":"2022-04-13T07:18:44","guid":{"rendered":"https:\/\/auteursenresidence-turmeliere.fr\/?page_id=287"},"modified":"2023-03-01T17:16:50","modified_gmt":"2023-03-01T16:16:50","slug":"3eme-periode-de-residence","status":"publish","type":"page","link":"https:\/\/auteursenresidence-turmeliere.fr\/index.php\/residence-dauteur-de-florentine-rey\/le-carnet-de-residence\/3eme-periode-de-residence\/","title":{"rendered":"3\u00e8me p\u00e9riode de r\u00e9sidence"},"content":{"rendered":"<h1>Au programme<\/h1>\n<ul>\n<li><strong>RENCONTRE PO\u00c9TIQUE<\/strong><br \/>\nMercredi 8 mars &#8211; 19h30 &#8211; Maison de la Po\u00e9sie \u00e0 Nantes<br \/>\nLecture et discussion entre Florentine Rey et Perrine Le Querrec, po\u00e9tesse<\/li>\n<li><strong>LECTURE avec Jean-Marie Ozanne<\/strong><br \/>\nSamedi 11 mars &#8211; 18h30 &#8211; Librairie Plume et Fabulettes (Ancenis)<br \/>\n<span class=\"S1PPyQ\">Avec leur lecture des po\u00e8mes de \u00ab\u00a0L\u2019ann\u00e9e du pied-de-biche\u00a0\u00bb Jean-Marie Ozanne et Florentine Rey soufflent un grand air sur toutes les fronti\u00e8res et proposent une plong\u00e9e amus\u00e9e dans la po\u00e9sie contemporaine.<\/span><\/li>\n<li><strong>RENCONTRE PUBLIQUE<\/strong><br \/>\nSamedi 18 mars &#8211; 10h-12h &#8211; Biblioth\u00e8que de Varades<br \/>\nD\u00e9couvrez les coulisses du processus cr\u00e9atif de l&rsquo;autrice.<br \/>\nTout public, \u00e0 partir de 10 ans<\/li>\n<li><strong>LECTURE-RENCONTRE avec Albane Gell\u00e9<\/strong><br \/>\nJeudi 23 mars &#8211; 19h &#8211; Mus\u00e9e Joachim du Bellay<br \/>\n<span class=\"S1PPyQ\">Une rencontre attendue entre les po\u00e9tesses Albane Gell\u00e9 et Florentine Rey, avec des temps de lecture et des temps d&rsquo;\u00e9changes. <\/span><span class=\"S1PPyQ\">Il sera question d&rsquo;animaux, d&rsquo;arbres, de pampilles, de brouillard, de pied-de-biche, de silence, de langage, d&rsquo;engagement, de po\u00e9sie. <\/span><span class=\"S1PPyQ\">Joachim Du Bellay fera une courte apparition pour conclure la soir\u00e9e, en dialogue avec Albane Gell\u00e9.<\/span><\/li>\n<li><strong>SPECTACLE \u00ab\u00a0Fantaisies pour des bricoles et mon cerveau\u00a0\u00bb<\/strong><br \/>\nJeudi 30 mars &#8211; 20h30 &#8211; Th\u00e9\u00e2tre Jeanne d&rsquo;Arc \u00e0 Champtoceaux<br \/>\nR\u00e9servation, 6\u20ac\/10\u20ac : <a href=\"https:\/\/www.scenesdepays.fr\/\">Sc\u00e8nes de Pays<\/a><br \/>\nFlorentine Rey, \u00e9crivaine, po\u00e9tesse et performeuse, propose de partager de la fantaisie dans notre quotidien. Improvisant en impliquant le public, elle fait appel \u00e0 sa cr\u00e9ativit\u00e9 et son imaginaire pour \u00e9prouver ensemble la libert\u00e9, la spontan\u00e9it\u00e9, la joie du jeu &amp; de la po\u00e9sie.<\/li>\n<li><strong>ATELIER D\u2019\u00c9CRITURE<\/strong><br \/>\nSamedi 1 avril &#8211; 9h30-12h30 &#8211; Ludo-m\u00e9diath\u00e8que de Drain<br \/>\nVenez exp\u00e9rimenter l&rsquo;\u00e9criture po\u00e9tique avec Florentine Rey.<br \/>\nTout public, \u00e0 partir de 15 ans<br \/>\nInscription : jhiltscher@laligue44.org<\/li>\n<\/ul>\n","protected":false},"excerpt":{"rendered":"<p>Au programme RENCONTRE PO\u00c9TIQUE Mercredi 8 mars &#8211; 19h30 &#8211; Maison de la Po\u00e9sie \u00e0 Nantes Lecture et discussion entre Florentine Rey et Perrine Le Querrec, po\u00e9tesse LECTURE avec Jean-Marie Ozanne Samedi 11 mars &#8211; 18h30 &#8211; Librairie Plume et Fabulettes (Ancenis) Avec leur lecture des po\u00e8mes de \u00ab\u00a0L\u2019ann\u00e9e du pied-de-biche\u00a0\u00bb Jean-Marie Ozanne et Florentine Rey soufflent un grand air sur toutes les fronti\u00e8res et proposent une plong\u00e9e amus\u00e9e dans la po\u00e9sie contemporaine. RENCONTRE PUBLIQUE Samedi 18 mars &#8211; 10h-12h&#8230;<\/p>\n<p class=\"read-more\"><a class=\"btn btn-default\" href=\"https:\/\/auteursenresidence-turmeliere.fr\/index.php\/residence-dauteur-de-florentine-rey\/le-carnet-de-residence\/3eme-periode-de-residence\/\">Lire la suite<span class=\"screen-reader-text\"> Lire la suite<\/span><\/a><\/p>\n","protected":false},"author":1,"featured_media":0,"parent":275,"menu_order":0,"comment_status":"closed","ping_status":"closed","template":"","meta":[],"_links":{"self":[{"href":"https:\/\/auteursenresidence-turmeliere.fr\/index.php\/wp-json\/wp\/v2\/pages\/287"}],"collection":[{"href":"https:\/\/auteursenresidence-turmeliere.fr\/index.php\/wp-json\/wp\/v2\/pages"}],"about":[{"href":"https:\/\/auteursenresidence-turmeliere.fr\/index.php\/wp-json\/wp\/v2\/types\/page"}],"author":[{"embeddable":true,"href":"https:\/\/auteursenresidence-turmeliere.fr\/index.php\/wp-json\/wp\/v2\/users\/1"}],"replies":[{"embeddable":true,"href":"https:\/\/auteursenresidence-turmeliere.fr\/index.php\/wp-json\/wp\/v2\/comments?post=287"}],"version-history":[{"count":5,"href":"https:\/\/auteursenresidence-turmeliere.fr\/index.php\/wp-json\/wp\/v2\/pages\/287\/revisions"}],"predecessor-version":[{"id":381,"href":"https:\/\/auteursenresidence-turmeliere.fr\/index.php\/wp-json\/wp\/v2\/pages\/287\/revisions\/381"}],"up":[{"embeddable":true,"href":"https:\/\/auteursenresidence-turmeliere.fr\/index.php\/wp-json\/wp\/v2\/pages\/275"}],"wp:attachment":[{"href":"https:\/\/auteursenresidence-turmeliere.fr\/index.php\/wp-json\/wp\/v2\/media?parent=287"}],"curies":[{"name":"wp","href":"https:\/\/api.w.org\/{rel}","templated":true}]}}