{"id":284,"date":"2022-04-13T09:18:32","date_gmt":"2022-04-13T07:18:32","guid":{"rendered":"https:\/\/auteursenresidence-turmeliere.fr\/?page_id=284"},"modified":"2022-10-25T15:58:58","modified_gmt":"2022-10-25T13:58:58","slug":"2eme-periode-de-residence","status":"publish","type":"page","link":"https:\/\/auteursenresidence-turmeliere.fr\/index.php\/residence-dauteur-de-florentine-rey\/le-carnet-de-residence\/2eme-periode-de-residence\/","title":{"rendered":"2\u00e8me p\u00e9riode de r\u00e9sidence"},"content":{"rendered":"<h1>Au programme<\/h1>\n<ul>\n<li>CR\u00caPES ET PO\u00c9SIE<br \/>\nJeudi 2 f\u00e9vrier &#8211; 19h &#8211; Biblioth\u00e8que de Lir\u00e9<br \/>\nD\u00e9couverte de l&rsquo;univers de l&rsquo;autrice, partage de vos livres coups de c\u0153ur et d\u00e9gustation de cr\u00eapes<\/li>\n<li>ATELIER D&rsquo;ECRITURE<br \/>\nSamedi 11 f\u00e9vrier &#8211; 9h30-12h30 &#8211; Ludo-m\u00e9diath\u00e8que de Drain<br \/>\nVenez exp\u00e9rimenter l&rsquo;\u00e9criture po\u00e9tique avec Florentine Rey.<br \/>\nTout public \u00e0 partir de 15 ans.<br \/>\nInscription : jhiltscher@laligue44.org<\/li>\n<li>Tout au long des mois de f\u00e9vrier et mars : Florentine Rey et Laura Tangre (vid\u00e9aste) animent des ateliers aupr\u00e8s d&rsquo;une classe de l&rsquo;\u00e9cole de l&rsquo;Oiseau Lyre de Bellign\u00e9 et l&rsquo;\u00e9cole des P&rsquo;tits Lig\u00e9riens d&rsquo;Ingrandes Le Fresnes.<\/li>\n<\/ul>\n","protected":false},"excerpt":{"rendered":"<p>Au programme CR\u00caPES ET PO\u00c9SIE Jeudi 2 f\u00e9vrier &#8211; 19h &#8211; Biblioth\u00e8que de Lir\u00e9 D\u00e9couverte de l&rsquo;univers de l&rsquo;autrice, partage de vos livres coups de c\u0153ur et d\u00e9gustation de cr\u00eapes ATELIER D&rsquo;ECRITURE Samedi 11 f\u00e9vrier &#8211; 9h30-12h30 &#8211; Ludo-m\u00e9diath\u00e8que de Drain Venez exp\u00e9rimenter l&rsquo;\u00e9criture po\u00e9tique avec Florentine Rey. Tout public \u00e0 partir de 15 ans. Inscription : jhiltscher@laligue44.org Tout au long des mois de f\u00e9vrier et mars : Florentine Rey et Laura Tangre (vid\u00e9aste) animent des ateliers aupr\u00e8s d&rsquo;une classe&#8230;<\/p>\n<p class=\"read-more\"><a class=\"btn btn-default\" href=\"https:\/\/auteursenresidence-turmeliere.fr\/index.php\/residence-dauteur-de-florentine-rey\/le-carnet-de-residence\/2eme-periode-de-residence\/\">Lire la suite<span class=\"screen-reader-text\"> Lire la suite<\/span><\/a><\/p>\n","protected":false},"author":1,"featured_media":0,"parent":275,"menu_order":0,"comment_status":"closed","ping_status":"closed","template":"","meta":[],"_links":{"self":[{"href":"https:\/\/auteursenresidence-turmeliere.fr\/index.php\/wp-json\/wp\/v2\/pages\/284"}],"collection":[{"href":"https:\/\/auteursenresidence-turmeliere.fr\/index.php\/wp-json\/wp\/v2\/pages"}],"about":[{"href":"https:\/\/auteursenresidence-turmeliere.fr\/index.php\/wp-json\/wp\/v2\/types\/page"}],"author":[{"embeddable":true,"href":"https:\/\/auteursenresidence-turmeliere.fr\/index.php\/wp-json\/wp\/v2\/users\/1"}],"replies":[{"embeddable":true,"href":"https:\/\/auteursenresidence-turmeliere.fr\/index.php\/wp-json\/wp\/v2\/comments?post=284"}],"version-history":[{"count":3,"href":"https:\/\/auteursenresidence-turmeliere.fr\/index.php\/wp-json\/wp\/v2\/pages\/284\/revisions"}],"predecessor-version":[{"id":373,"href":"https:\/\/auteursenresidence-turmeliere.fr\/index.php\/wp-json\/wp\/v2\/pages\/284\/revisions\/373"}],"up":[{"embeddable":true,"href":"https:\/\/auteursenresidence-turmeliere.fr\/index.php\/wp-json\/wp\/v2\/pages\/275"}],"wp:attachment":[{"href":"https:\/\/auteursenresidence-turmeliere.fr\/index.php\/wp-json\/wp\/v2\/media?parent=284"}],"curies":[{"name":"wp","href":"https:\/\/api.w.org\/{rel}","templated":true}]}}