{"id":268,"date":"2022-04-13T09:16:32","date_gmt":"2022-04-13T07:16:32","guid":{"rendered":"https:\/\/auteursenresidence-turmeliere.fr\/?page_id=268"},"modified":"2022-04-13T09:28:31","modified_gmt":"2022-04-13T07:28:31","slug":"olivier-lebleu","status":"publish","type":"page","link":"https:\/\/auteursenresidence-turmeliere.fr\/index.php\/les-residences-passees\/olivier-lebleu\/","title":{"rendered":"Olivier Lebleu"},"content":{"rendered":"<p>Olivier LEBLEU est \u00e9crivain, sc\u00e9nariste, documentariste. Il a \u00e9t\u00e9 en r\u00e9sidence \u00e0 la Turmeli\u00e8re de janvier \u00e0 juin 2010 avec un projet d&rsquo;\u00e9criture sur le th\u00e8me du fleuve.<\/p>\n<p>Pour en savoir plus : <a href=\"http:\/\/turmeliereresidenceolivierlebleu.unblog.fr\/\">http:\/\/turmeliereresidenceolivierlebleu.unblog.fr\/<\/a><\/p>\n<p>&nbsp;<\/p>\n","protected":false},"excerpt":{"rendered":"<p>Olivier LEBLEU est \u00e9crivain, sc\u00e9nariste, documentariste. Il a \u00e9t\u00e9 en r\u00e9sidence \u00e0 la Turmeli\u00e8re de janvier \u00e0 juin 2010 avec un projet d&rsquo;\u00e9criture sur le th\u00e8me du fleuve. Pour en savoir plus : http:\/\/turmeliereresidenceolivierlebleu.unblog.fr\/ &nbsp;<\/p>\n","protected":false},"author":1,"featured_media":0,"parent":30,"menu_order":0,"comment_status":"closed","ping_status":"closed","template":"","meta":[],"_links":{"self":[{"href":"https:\/\/auteursenresidence-turmeliere.fr\/index.php\/wp-json\/wp\/v2\/pages\/268"}],"collection":[{"href":"https:\/\/auteursenresidence-turmeliere.fr\/index.php\/wp-json\/wp\/v2\/pages"}],"about":[{"href":"https:\/\/auteursenresidence-turmeliere.fr\/index.php\/wp-json\/wp\/v2\/types\/page"}],"author":[{"embeddable":true,"href":"https:\/\/auteursenresidence-turmeliere.fr\/index.php\/wp-json\/wp\/v2\/users\/1"}],"replies":[{"embeddable":true,"href":"https:\/\/auteursenresidence-turmeliere.fr\/index.php\/wp-json\/wp\/v2\/comments?post=268"}],"version-history":[{"count":3,"href":"https:\/\/auteursenresidence-turmeliere.fr\/index.php\/wp-json\/wp\/v2\/pages\/268\/revisions"}],"predecessor-version":[{"id":305,"href":"https:\/\/auteursenresidence-turmeliere.fr\/index.php\/wp-json\/wp\/v2\/pages\/268\/revisions\/305"}],"up":[{"embeddable":true,"href":"https:\/\/auteursenresidence-turmeliere.fr\/index.php\/wp-json\/wp\/v2\/pages\/30"}],"wp:attachment":[{"href":"https:\/\/auteursenresidence-turmeliere.fr\/index.php\/wp-json\/wp\/v2\/media?parent=268"}],"curies":[{"name":"wp","href":"https:\/\/api.w.org\/{rel}","templated":true}]}}