{"id":262,"date":"2022-04-13T09:15:53","date_gmt":"2022-04-13T07:15:53","guid":{"rendered":"https:\/\/auteursenresidence-turmeliere.fr\/?page_id=262"},"modified":"2022-04-13T09:24:19","modified_gmt":"2022-04-13T07:24:19","slug":"charlotte-legaut","status":"publish","type":"page","link":"https:\/\/auteursenresidence-turmeliere.fr\/index.php\/les-residences-passees\/charlotte-legaut\/","title":{"rendered":"Charlotte L\u00e9gaut"},"content":{"rendered":"<p>En r\u00e9sidence \u00e0 la Turmeli\u00e8re de janvier \u00e0 mai 2014, Charlotte L\u00e9gaut a arpent\u00e9 \u00e0 pied, \u00e0 v\u00e9lo&#8230; les paysages, les lumi\u00e8res du pays d\u2019Ancenis et des Mauges. Elle a souhait\u00e9 nourrir son travail par des rencontres avec les habitants.<\/p>\n<p>Pour en savoir plus : <a href=\"https:\/\/residencecharlottelegaut.wordpress.com\/\">https:\/\/residencecharlottelegaut.wordpress.com\/<\/a><\/p>\n<p>&nbsp;<\/p>\n","protected":false},"excerpt":{"rendered":"<p>En r\u00e9sidence \u00e0 la Turmeli\u00e8re de janvier \u00e0 mai 2014, Charlotte L\u00e9gaut a arpent\u00e9 \u00e0 pied, \u00e0 v\u00e9lo&#8230; les paysages, les lumi\u00e8res du pays d\u2019Ancenis et des Mauges. Elle a souhait\u00e9 nourrir son travail par des rencontres avec les habitants. Pour en savoir plus : https:\/\/residencecharlottelegaut.wordpress.com\/ &nbsp;<\/p>\n","protected":false},"author":1,"featured_media":0,"parent":30,"menu_order":0,"comment_status":"closed","ping_status":"closed","template":"","meta":[],"_links":{"self":[{"href":"https:\/\/auteursenresidence-turmeliere.fr\/index.php\/wp-json\/wp\/v2\/pages\/262"}],"collection":[{"href":"https:\/\/auteursenresidence-turmeliere.fr\/index.php\/wp-json\/wp\/v2\/pages"}],"about":[{"href":"https:\/\/auteursenresidence-turmeliere.fr\/index.php\/wp-json\/wp\/v2\/types\/page"}],"author":[{"embeddable":true,"href":"https:\/\/auteursenresidence-turmeliere.fr\/index.php\/wp-json\/wp\/v2\/users\/1"}],"replies":[{"embeddable":true,"href":"https:\/\/auteursenresidence-turmeliere.fr\/index.php\/wp-json\/wp\/v2\/comments?post=262"}],"version-history":[{"count":4,"href":"https:\/\/auteursenresidence-turmeliere.fr\/index.php\/wp-json\/wp\/v2\/pages\/262\/revisions"}],"predecessor-version":[{"id":301,"href":"https:\/\/auteursenresidence-turmeliere.fr\/index.php\/wp-json\/wp\/v2\/pages\/262\/revisions\/301"}],"up":[{"embeddable":true,"href":"https:\/\/auteursenresidence-turmeliere.fr\/index.php\/wp-json\/wp\/v2\/pages\/30"}],"wp:attachment":[{"href":"https:\/\/auteursenresidence-turmeliere.fr\/index.php\/wp-json\/wp\/v2\/media?parent=262"}],"curies":[{"name":"wp","href":"https:\/\/api.w.org\/{rel}","templated":true}]}}