{"id":253,"date":"2021-07-29T14:57:07","date_gmt":"2021-07-29T12:57:07","guid":{"rendered":"http:\/\/auteursenresidence-turmeliere.fr\/?page_id=253"},"modified":"2022-04-13T09:54:37","modified_gmt":"2022-04-13T07:54:37","slug":"la-residence-de-benoit-est-finie-rendez-vous-en-novembre-2022","status":"publish","type":"page","link":"https:\/\/auteursenresidence-turmeliere.fr\/index.php\/les-residences-passees\/benoit-broyart\/la-residence-de-benoit-est-finie-rendez-vous-en-novembre-2022\/","title":{"rendered":"La r\u00e9sidence de Beno\u00eet est finie! Rendez vous en novembre 2022!"},"content":{"rendered":"<p>La r\u00e9sidence de Beno\u00eet Broyart s&rsquo;est termin\u00e9e au mois de juin 2021, nous vous donnons rendez vous en novembre 2022 pour une nouvelle r\u00e9sidence qui sera plac\u00e9e sous le signe de la po\u00ebsie!<\/p>\n","protected":false},"excerpt":{"rendered":"<p>La r\u00e9sidence de Beno\u00eet Broyart s&rsquo;est termin\u00e9e au mois de juin 2021, nous vous donnons rendez vous en novembre 2022 pour une nouvelle r\u00e9sidence qui sera plac\u00e9e sous le signe de la po\u00ebsie!<\/p>\n","protected":false},"author":1,"featured_media":0,"parent":258,"menu_order":0,"comment_status":"closed","ping_status":"closed","template":"","meta":[],"_links":{"self":[{"href":"https:\/\/auteursenresidence-turmeliere.fr\/index.php\/wp-json\/wp\/v2\/pages\/253"}],"collection":[{"href":"https:\/\/auteursenresidence-turmeliere.fr\/index.php\/wp-json\/wp\/v2\/pages"}],"about":[{"href":"https:\/\/auteursenresidence-turmeliere.fr\/index.php\/wp-json\/wp\/v2\/types\/page"}],"author":[{"embeddable":true,"href":"https:\/\/auteursenresidence-turmeliere.fr\/index.php\/wp-json\/wp\/v2\/users\/1"}],"replies":[{"embeddable":true,"href":"https:\/\/auteursenresidence-turmeliere.fr\/index.php\/wp-json\/wp\/v2\/comments?post=253"}],"version-history":[{"count":1,"href":"https:\/\/auteursenresidence-turmeliere.fr\/index.php\/wp-json\/wp\/v2\/pages\/253\/revisions"}],"predecessor-version":[{"id":255,"href":"https:\/\/auteursenresidence-turmeliere.fr\/index.php\/wp-json\/wp\/v2\/pages\/253\/revisions\/255"}],"up":[{"embeddable":true,"href":"https:\/\/auteursenresidence-turmeliere.fr\/index.php\/wp-json\/wp\/v2\/pages\/258"}],"wp:attachment":[{"href":"https:\/\/auteursenresidence-turmeliere.fr\/index.php\/wp-json\/wp\/v2\/media?parent=253"}],"curies":[{"name":"wp","href":"https:\/\/api.w.org\/{rel}","templated":true}]}}