{"id":23,"date":"2020-10-14T14:30:56","date_gmt":"2020-10-14T12:30:56","guid":{"rendered":"http:\/\/auteursenresidence-turmeliere.fr\/?page_id=23"},"modified":"2022-04-13T09:55:42","modified_gmt":"2022-04-13T07:55:42","slug":"presentation-de-lauteur","status":"publish","type":"page","link":"https:\/\/auteursenresidence-turmeliere.fr\/index.php\/les-residences-passees\/benoit-broyart\/presentation-de-lauteur\/","title":{"rendered":"Pr\u00e9sentation de l&rsquo;auteur"},"content":{"rendered":"<p>Nationalit\u00e9 : France<br \/>\nN\u00e9(e) \u00e0 : Reims , 1973<\/p>\n<div id=\"d_bio\">Biographie :<\/p>\n<p>Beno\u00eet Broyart \u00e9crit des albums, des romans, des sc\u00e9narios de bandes-dessin\u00e9es, des spectacles et des documentaires.<\/p>\n<p>Son premier roman, \u00ab\u00a0Le corps en miettes\u00a0\u00bb, a \u00e9t\u00e9 publi\u00e9 en 1999 dans la collection La Brune (Litt\u00e9rature g\u00e9n\u00e9rale) des \u00e9ditions du Rouergue.<\/p>\n<p>En pr\u00e8s de 20 ans, une soixantaine de livres ont vu le jour (notamment chez Magnier, Milan, La Goutti\u00e8re, Le Seuil, La Cabane bleue, Gl\u00e9nat, Hyg\u00e9e \u00e9ditions), en grande partie pour la jeunesse.<\/p>\n<p>Depuis 2011, il d\u00e9veloppe en parall\u00e8le une activit\u00e9 de lecteur \u00e0 voix haute \u00e0 travers trois lectures-performances qui reprennent certains de ses textes : Les contes de la cabine, Cavale, Entre les lignes (avec Thomas Scotto).<\/p>\n<p>son site: benoitbroyart.fr<\/p><\/div>\n<p>&nbsp;<\/p>\n<div class=\"sep\"><\/div>\n<div class=\"livre_refs\">Source : www.blogger.com\/<\/div>\n","protected":false},"excerpt":{"rendered":"<p>Nationalit\u00e9 : France N\u00e9(e) \u00e0 : Reims , 1973 Biographie : Beno\u00eet Broyart \u00e9crit des albums, des romans, des sc\u00e9narios de bandes-dessin\u00e9es, des spectacles et des documentaires. Son premier roman, \u00ab\u00a0Le corps en miettes\u00a0\u00bb, a \u00e9t\u00e9 publi\u00e9 en 1999 dans la collection La Brune (Litt\u00e9rature g\u00e9n\u00e9rale) des \u00e9ditions du Rouergue. En pr\u00e8s de 20 ans, une soixantaine de livres ont vu le jour (notamment chez Magnier, Milan, La Goutti\u00e8re, Le Seuil, La Cabane bleue, Gl\u00e9nat, Hyg\u00e9e \u00e9ditions), en grande partie&#8230;<\/p>\n<p class=\"read-more\"><a class=\"btn btn-default\" href=\"https:\/\/auteursenresidence-turmeliere.fr\/index.php\/les-residences-passees\/benoit-broyart\/presentation-de-lauteur\/\">Lire la suite<span class=\"screen-reader-text\"> Lire la suite<\/span><\/a><\/p>\n","protected":false},"author":1,"featured_media":0,"parent":258,"menu_order":0,"comment_status":"closed","ping_status":"closed","template":"","meta":[],"_links":{"self":[{"href":"https:\/\/auteursenresidence-turmeliere.fr\/index.php\/wp-json\/wp\/v2\/pages\/23"}],"collection":[{"href":"https:\/\/auteursenresidence-turmeliere.fr\/index.php\/wp-json\/wp\/v2\/pages"}],"about":[{"href":"https:\/\/auteursenresidence-turmeliere.fr\/index.php\/wp-json\/wp\/v2\/types\/page"}],"author":[{"embeddable":true,"href":"https:\/\/auteursenresidence-turmeliere.fr\/index.php\/wp-json\/wp\/v2\/users\/1"}],"replies":[{"embeddable":true,"href":"https:\/\/auteursenresidence-turmeliere.fr\/index.php\/wp-json\/wp\/v2\/comments?post=23"}],"version-history":[{"count":3,"href":"https:\/\/auteursenresidence-turmeliere.fr\/index.php\/wp-json\/wp\/v2\/pages\/23\/revisions"}],"predecessor-version":[{"id":58,"href":"https:\/\/auteursenresidence-turmeliere.fr\/index.php\/wp-json\/wp\/v2\/pages\/23\/revisions\/58"}],"up":[{"embeddable":true,"href":"https:\/\/auteursenresidence-turmeliere.fr\/index.php\/wp-json\/wp\/v2\/pages\/258"}],"wp:attachment":[{"href":"https:\/\/auteursenresidence-turmeliere.fr\/index.php\/wp-json\/wp\/v2\/media?parent=23"}],"curies":[{"name":"wp","href":"https:\/\/api.w.org\/{rel}","templated":true}]}}