{"id":207,"date":"2021-05-26T13:29:08","date_gmt":"2021-05-26T11:29:08","guid":{"rendered":"http:\/\/auteursenresidence-turmeliere.fr\/?page_id=207"},"modified":"2022-04-13T09:55:36","modified_gmt":"2022-04-13T07:55:36","slug":"premiere-epoque","status":"publish","type":"page","link":"https:\/\/auteursenresidence-turmeliere.fr\/index.php\/les-residences-passees\/benoit-broyart\/premiere-epoque\/","title":{"rendered":"Premi\u00e8re p\u00e9riode"},"content":{"rendered":"<p>2 f\u00e9vrier 2021<\/p>\n<p>Troisi\u00e8me semaine de r\u00e9sidence dans les conditions sanitaires qu&rsquo;on conna\u00eet, qui freinent beaucoup les rencontres, la convivialit\u00e9, m\u00eame si toutes les m\u00e9diations avec les scolaires ont pu \u00eatre maintenues. Pour tout le reste, eh bien j&rsquo;ai bon espoir en pensant \u00e0 mars, \u00e0 mai. L&rsquo;\u00e9quipe de la Turmeli\u00e8re est accueillante et aux petits soins.<\/p>\n<p>L&rsquo;occasion de passer le plus clair de mon temps sur mon projet d&rsquo;\u00e9criture. Pas mal de documentation engrang\u00e9e d\u00e9j\u00e0, en cours de digestion. Assez m\u00eame sans doute pour faire surgir les premi\u00e8res lignes du sc\u00e9nario. Un principe de narration, un cadre, des personnages&#8230; Nous d\u00e9battons de tout cela avec le dessinateur Laurent Richard, mon compagnon de longue route d\u00e9j\u00e0, par t\u00e9l\u00e9phone et par mail. Il me rejoindra en mars ici afin que nous menions ensemble quelques ateliers avec des scolaires.<\/p>\n<p>Dans mes lectures de chevet, le passionnant num\u00e9ro hors-s\u00e9rie de <em>Socialter<\/em> nomm\u00e9 Renouer avec le vivant avec comme r\u00e9dacteur en chef, Baptiste Morizot.<\/p>\n<p>Tr\u00e8s marqu\u00e9 aussi par le <em>R\u00e8gne animal<\/em> de Jean-Baptiste del Amo (prix du livre inter 2017). Vous ne regarderez plus jamais vos lardons comme avant.<\/p>\n<p>Changer nos regards sur ce qui nous entoure, ne plus jamais nous penser en dehors du vivant non-humain&#8230;<\/p>\n<p>&nbsp;<\/p>\n<p>4 f\u00e9vrier 2021<\/p>\n<p>Ce matin, temps de m\u00e9diation. Atelier d&rsquo;\u00e9criture avec les CM1-CM2 de l&rsquo;\u00e9cole publique de Drain. C&rsquo;est notre troisi\u00e8me rencontre. Nous d\u00e9marrons l&rsquo;atelier pr\u00e9vu de conception d&rsquo;un sc\u00e9nario apr\u00e8s deux s\u00e9ances pass\u00e9es en compagnie de Carmen, la biblioth\u00e9caire de Drain, \u00e0 la biblioth\u00e8que de Drain, pour \u00e9voquer ce qu&rsquo;est une bande dessin\u00e9e et visiter l&rsquo;exposition autour de <em>La pension Moreau<\/em>. Cette fois, la s\u00e9ance se d\u00e9roule en classe. En ces temps o\u00f9 les interactions sociales se font rares, j&rsquo;appr\u00e9cie davantage encore que d&rsquo;habitude ces m\u00e9diations. R\u00e9pondre aux enfants. Leur donner quelques outils techniques. Prochain rendez-vous la semaine prochaine.<\/p>\n<p>Cet apr\u00e8s-midi, j&rsquo;ai pu terminer le magnifique livre de l&rsquo;anthropologue Nastassja Martin, <em>Croire aux fauves<\/em> (Verticales, 2019). J&rsquo;ai emprunt\u00e9 ce r\u00e9cit gr\u00e2ce \u00e0 la carte temporaire que la COMPA m&rsquo;a propos\u00e9e. L&rsquo;autrice raconte l&rsquo;exp\u00e9rience qui a chang\u00e9 sa vie. Sa rencontre avec un ours, leur altercation, son hospitalisation, son rapport \u00e0 l&rsquo;animisme. Tout ce que cette rencontre a boulevers\u00e9, chamboul\u00e9 en elle. Tr\u00e8s int\u00e9ressant de continuer de se pencher sur ce qui nous relie au non-humain. Pour cette lecture, je me suis install\u00e9 pr\u00e8s des ruines du manoir de Du Bellay, assis sur un petit muret, au soleil. L&rsquo;endroit r\u00eav\u00e9.<\/p>\n<p>11 f\u00e9vrier 2021<\/p>\n<p>La premi\u00e8re partie de ma r\u00e9sidence s&rsquo;ach\u00e8ve demain. Le travail de d\u00e9frichage concernant mon projet d&rsquo;\u00e9criture est termin\u00e9. Pendant les trois semaines que je vais passer chez moi avant de revenir, je ne toucherai pas aux \u00e9l\u00e9ments pos\u00e9s.<\/p>\n<p>J&rsquo;y reviendrai&#8230; d\u00e8s que je reviendrai \u00e0 la Turmeli\u00e8re. Il faut toujours se m\u00e9nager ce temps de repos. Afin de laisser se d\u00e9velopper les formes, les paysages, les personnages. Ces derniers pourront acqu\u00e9rir ainsi un peu d&rsquo;autonomie, prendre leurs aises, gagner en \u00e9paisseur. Une fois sortis du fond du cr\u00e2ne, ils cheminent lentement. Il faut leur laisser le temps.<\/p>\n<p>Pour ma prochaine session \u00e0 la Turmeli\u00e8re, je souhaite de tout c\u0153ur, comme tout le monde bien entendu, que la situation sanitaire soit meilleure et que les interactions sociales soient plus nombreuses.<\/p>\n","protected":false},"excerpt":{"rendered":"<p>2 f\u00e9vrier 2021 Troisi\u00e8me semaine de r\u00e9sidence dans les conditions sanitaires qu&rsquo;on conna\u00eet, qui freinent beaucoup les rencontres, la convivialit\u00e9, m\u00eame si toutes les m\u00e9diations avec les scolaires ont pu \u00eatre maintenues. Pour tout le reste, eh bien j&rsquo;ai bon espoir en pensant \u00e0 mars, \u00e0 mai. L&rsquo;\u00e9quipe de la Turmeli\u00e8re est accueillante et aux petits soins. L&rsquo;occasion de passer le plus clair de mon temps sur mon projet d&rsquo;\u00e9criture. Pas mal de documentation engrang\u00e9e d\u00e9j\u00e0, en cours de digestion&#8230;.<\/p>\n<p class=\"read-more\"><a class=\"btn btn-default\" href=\"https:\/\/auteursenresidence-turmeliere.fr\/index.php\/les-residences-passees\/benoit-broyart\/premiere-epoque\/\">Lire la suite<span class=\"screen-reader-text\"> Lire la suite<\/span><\/a><\/p>\n","protected":false},"author":1,"featured_media":0,"parent":258,"menu_order":0,"comment_status":"closed","ping_status":"closed","template":"","meta":[],"_links":{"self":[{"href":"https:\/\/auteursenresidence-turmeliere.fr\/index.php\/wp-json\/wp\/v2\/pages\/207"}],"collection":[{"href":"https:\/\/auteursenresidence-turmeliere.fr\/index.php\/wp-json\/wp\/v2\/pages"}],"about":[{"href":"https:\/\/auteursenresidence-turmeliere.fr\/index.php\/wp-json\/wp\/v2\/types\/page"}],"author":[{"embeddable":true,"href":"https:\/\/auteursenresidence-turmeliere.fr\/index.php\/wp-json\/wp\/v2\/users\/1"}],"replies":[{"embeddable":true,"href":"https:\/\/auteursenresidence-turmeliere.fr\/index.php\/wp-json\/wp\/v2\/comments?post=207"}],"version-history":[{"count":2,"href":"https:\/\/auteursenresidence-turmeliere.fr\/index.php\/wp-json\/wp\/v2\/pages\/207\/revisions"}],"predecessor-version":[{"id":214,"href":"https:\/\/auteursenresidence-turmeliere.fr\/index.php\/wp-json\/wp\/v2\/pages\/207\/revisions\/214"}],"up":[{"embeddable":true,"href":"https:\/\/auteursenresidence-turmeliere.fr\/index.php\/wp-json\/wp\/v2\/pages\/258"}],"wp:attachment":[{"href":"https:\/\/auteursenresidence-turmeliere.fr\/index.php\/wp-json\/wp\/v2\/media?parent=207"}],"curies":[{"name":"wp","href":"https:\/\/api.w.org\/{rel}","templated":true}]}}