{"id":204,"date":"2021-05-26T13:27:52","date_gmt":"2021-05-26T11:27:52","guid":{"rendered":"http:\/\/auteursenresidence-turmeliere.fr\/?page_id=204"},"modified":"2022-04-13T09:57:52","modified_gmt":"2022-04-13T07:57:52","slug":"deuxieme-periode","status":"publish","type":"page","link":"https:\/\/auteursenresidence-turmeliere.fr\/index.php\/les-residences-passees\/benoit-broyart\/deuxieme-periode\/","title":{"rendered":"Deuxi\u00e8me p\u00e9riode"},"content":{"rendered":"<p>23 mars 2021<\/p>\n<p>Troisi\u00e8me semaine de ma deuxi\u00e8me p\u00e9riode de r\u00e9sidence. Le temps file. J&rsquo;ai beaucoup avanc\u00e9 sur mon projet de sc\u00e9nario de bande dessin\u00e9e antisp\u00e9ciste. Nous avons commenc\u00e9 \u00e0 s\u00e9rieusement structurer notre propos avec Laurent Richard, le dessinateur qui m&rsquo;accompagne pour cette nouvelle aventure. Des fiches pour chaque personnage, un synopsis, une note d&rsquo;intention, quelques dessins \u00e9galement qui commencent \u00e0 arriver. Nous serons bient\u00f4t pr\u00eats \u00e0 constituer un dossier afin de l&rsquo;envoyer \u00e0 un \u00e9diteur.<\/p>\n<p>C\u00f4t\u00e9 m\u00e9diation, j&rsquo;ai termin\u00e9 l&rsquo;atelier de sc\u00e9nario avec l&rsquo;\u00e9cole de Drain. Les CM2 se sont bien accroch\u00e9s et ont aim\u00e9, je crois, les moments pass\u00e9s en classe. Pourtant, l&rsquo;\u00e9criture d&rsquo;un sc\u00e9nario est quelque chose d&rsquo;aust\u00e8re&#8230; Avec Laurent Richard, venu en renfort \u00e0 la Turmeli\u00e8re, nous avons eu le plaisir d&rsquo;entamer un atelier tous les deux avec deux classes, \u00e0 Montrelais et \u00e0 Ingrandes. Aujourd&rsquo;hui, je rends visite \u00e0 l&rsquo;\u00e9cole Albert Camus d&rsquo;Ancenis, dans le cadre du prix Fabulivres.<\/p>\n","protected":false},"excerpt":{"rendered":"<p>23 mars 2021 Troisi\u00e8me semaine de ma deuxi\u00e8me p\u00e9riode de r\u00e9sidence. Le temps file. J&rsquo;ai beaucoup avanc\u00e9 sur mon projet de sc\u00e9nario de bande dessin\u00e9e antisp\u00e9ciste. Nous avons commenc\u00e9 \u00e0 s\u00e9rieusement structurer notre propos avec Laurent Richard, le dessinateur qui m&rsquo;accompagne pour cette nouvelle aventure. Des fiches pour chaque personnage, un synopsis, une note d&rsquo;intention, quelques dessins \u00e9galement qui commencent \u00e0 arriver. Nous serons bient\u00f4t pr\u00eats \u00e0 constituer un dossier afin de l&rsquo;envoyer \u00e0 un \u00e9diteur. C\u00f4t\u00e9 m\u00e9diation, j&rsquo;ai termin\u00e9&#8230;<\/p>\n<p class=\"read-more\"><a class=\"btn btn-default\" href=\"https:\/\/auteursenresidence-turmeliere.fr\/index.php\/les-residences-passees\/benoit-broyart\/deuxieme-periode\/\">Lire la suite<span class=\"screen-reader-text\"> Lire la suite<\/span><\/a><\/p>\n","protected":false},"author":1,"featured_media":0,"parent":258,"menu_order":0,"comment_status":"closed","ping_status":"closed","template":"","meta":[],"_links":{"self":[{"href":"https:\/\/auteursenresidence-turmeliere.fr\/index.php\/wp-json\/wp\/v2\/pages\/204"}],"collection":[{"href":"https:\/\/auteursenresidence-turmeliere.fr\/index.php\/wp-json\/wp\/v2\/pages"}],"about":[{"href":"https:\/\/auteursenresidence-turmeliere.fr\/index.php\/wp-json\/wp\/v2\/types\/page"}],"author":[{"embeddable":true,"href":"https:\/\/auteursenresidence-turmeliere.fr\/index.php\/wp-json\/wp\/v2\/users\/1"}],"replies":[{"embeddable":true,"href":"https:\/\/auteursenresidence-turmeliere.fr\/index.php\/wp-json\/wp\/v2\/comments?post=204"}],"version-history":[{"count":1,"href":"https:\/\/auteursenresidence-turmeliere.fr\/index.php\/wp-json\/wp\/v2\/pages\/204\/revisions"}],"predecessor-version":[{"id":206,"href":"https:\/\/auteursenresidence-turmeliere.fr\/index.php\/wp-json\/wp\/v2\/pages\/204\/revisions\/206"}],"up":[{"embeddable":true,"href":"https:\/\/auteursenresidence-turmeliere.fr\/index.php\/wp-json\/wp\/v2\/pages\/258"}],"wp:attachment":[{"href":"https:\/\/auteursenresidence-turmeliere.fr\/index.php\/wp-json\/wp\/v2\/media?parent=204"}],"curies":[{"name":"wp","href":"https:\/\/api.w.org\/{rel}","templated":true}]}}