{"id":201,"date":"2021-05-26T13:26:58","date_gmt":"2021-05-26T11:26:58","guid":{"rendered":"http:\/\/auteursenresidence-turmeliere.fr\/?page_id=201"},"modified":"2022-04-13T09:54:20","modified_gmt":"2022-04-13T07:54:20","slug":"3e-epoque-26-mai-2021","status":"publish","type":"page","link":"https:\/\/auteursenresidence-turmeliere.fr\/index.php\/les-residences-passees\/benoit-broyart\/3e-epoque-26-mai-2021\/","title":{"rendered":"Troisi\u00e8me p\u00e9riode"},"content":{"rendered":"<p>26 mai 2021<\/p>\n<p>Ma r\u00e9sidence se termine \u00e0 la fin de la semaine. Elle aura \u00e9t\u00e9 tr\u00e8s productive&#8230; En effet, nous avons achev\u00e9 avec mon acolyte Laurent Richard un dossier pour <em>Les Ambassadeurs<\/em>, notre projet de bande dessin\u00e9e, comprenant une note d&rsquo;intention, un synopsis et les travaux de recherche sur les personnages. Nous signons normalement cette semaine un contrat avec un \u00e9diteur. Le projet n\u00e9 \u00e0 la Turmeli\u00e8re sera donc bient\u00f4t un livre. Mais une bande dessin\u00e9e de 150 planches, c&rsquo;est un travail de longue haleine. Vous devriez pouvoir la lire d\u00e9but 2023.<\/p>\n<p>C\u00f4t\u00e9 m\u00e9diation, j&rsquo;ai pratiquement termin\u00e9 les diff\u00e9rents travaux avec les \u00e9coles et coll\u00e8ges, ateliers courts et parcours plus \u00e9tendus.<\/p>\n<p>Tr\u00e8s grand plaisir pour moi d&rsquo;avoir pass\u00e9 ces trois mois \u00e0 la Turmeli\u00e8re. Lieu magique, \u00e9quipe attentionn\u00e9e&#8230; C&rsquo;\u00e9tait parfait.<\/p>\n","protected":false},"excerpt":{"rendered":"<p>26 mai 2021 Ma r\u00e9sidence se termine \u00e0 la fin de la semaine. Elle aura \u00e9t\u00e9 tr\u00e8s productive&#8230; En effet, nous avons achev\u00e9 avec mon acolyte Laurent Richard un dossier pour Les Ambassadeurs, notre projet de bande dessin\u00e9e, comprenant une note d&rsquo;intention, un synopsis et les travaux de recherche sur les personnages. Nous signons normalement cette semaine un contrat avec un \u00e9diteur. Le projet n\u00e9 \u00e0 la Turmeli\u00e8re sera donc bient\u00f4t un livre. Mais une bande dessin\u00e9e de 150 planches,&#8230;<\/p>\n<p class=\"read-more\"><a class=\"btn btn-default\" href=\"https:\/\/auteursenresidence-turmeliere.fr\/index.php\/les-residences-passees\/benoit-broyart\/3e-epoque-26-mai-2021\/\">Lire la suite<span class=\"screen-reader-text\"> Lire la suite<\/span><\/a><\/p>\n","protected":false},"author":1,"featured_media":0,"parent":258,"menu_order":0,"comment_status":"closed","ping_status":"closed","template":"","meta":[],"_links":{"self":[{"href":"https:\/\/auteursenresidence-turmeliere.fr\/index.php\/wp-json\/wp\/v2\/pages\/201"}],"collection":[{"href":"https:\/\/auteursenresidence-turmeliere.fr\/index.php\/wp-json\/wp\/v2\/pages"}],"about":[{"href":"https:\/\/auteursenresidence-turmeliere.fr\/index.php\/wp-json\/wp\/v2\/types\/page"}],"author":[{"embeddable":true,"href":"https:\/\/auteursenresidence-turmeliere.fr\/index.php\/wp-json\/wp\/v2\/users\/1"}],"replies":[{"embeddable":true,"href":"https:\/\/auteursenresidence-turmeliere.fr\/index.php\/wp-json\/wp\/v2\/comments?post=201"}],"version-history":[{"count":2,"href":"https:\/\/auteursenresidence-turmeliere.fr\/index.php\/wp-json\/wp\/v2\/pages\/201\/revisions"}],"predecessor-version":[{"id":210,"href":"https:\/\/auteursenresidence-turmeliere.fr\/index.php\/wp-json\/wp\/v2\/pages\/201\/revisions\/210"}],"up":[{"embeddable":true,"href":"https:\/\/auteursenresidence-turmeliere.fr\/index.php\/wp-json\/wp\/v2\/pages\/258"}],"wp:attachment":[{"href":"https:\/\/auteursenresidence-turmeliere.fr\/index.php\/wp-json\/wp\/v2\/media?parent=201"}],"curies":[{"name":"wp","href":"https:\/\/api.w.org\/{rel}","templated":true}]}}