{"id":185,"date":"2021-05-25T18:18:36","date_gmt":"2021-05-25T16:18:36","guid":{"rendered":"http:\/\/auteursenresidence-turmeliere.fr\/?page_id=185"},"modified":"2022-04-13T09:55:09","modified_gmt":"2022-04-13T07:55:09","slug":"parcours-deducation-artistique-et-culturels-avec-oree-danjou","status":"publish","type":"page","link":"https:\/\/auteursenresidence-turmeliere.fr\/index.php\/les-residences-passees\/benoit-broyart\/parcours-deducation-artistique-et-culturels-avec-oree-danjou\/","title":{"rendered":"Parcours d&rsquo;Education Artistique et Culturels avec Or\u00e9e d&rsquo;Anjou"},"content":{"rendered":"<p>Les \u00e9l\u00e8ves de la classe de CM2 de l&rsquo;\u00e9cole publique de Drain ont suivi un parcours d&rsquo;Education Artistique et Culturelle avec Beno\u00eet Broyart et le soutien de Mme Carmen Lecardeux, biblioth\u00e9caire de Drain. Ce sont pas moins de six rencontres qui ont permis aux \u00e9l\u00e8ves de se familiraiser avec l&rsquo;auteur, son travail puis de se lancer eux m\u00eame dans la construction d&rsquo;un sc\u00e9nario de Bande Dessin\u00e9e!<\/p>\n<p>Pour leur premi\u00e8re rencontre avec Beno\u00eet, les \u00e9l\u00e8ves ont \u00e9t\u00e9 accueillis \u00e0 la biblioth\u00e8que pour y\u00a0 d\u00e9couvrir l&rsquo;exposition de la Pension Moreau.<\/p>\n<p><img loading=\"lazy\" class=\"alignnone  wp-image-186\" src=\"http:\/\/auteursenresidence-turmeliere.fr\/wp-content\/uploads\/2021\/05\/photo-drain-1-300x225.jpg\" alt=\"\" width=\"639\" height=\"479\" srcset=\"https:\/\/auteursenresidence-turmeliere.fr\/wp-content\/uploads\/2021\/05\/photo-drain-1-300x225.jpg 300w, https:\/\/auteursenresidence-turmeliere.fr\/wp-content\/uploads\/2021\/05\/photo-drain-1-1024x768.jpg 1024w, https:\/\/auteursenresidence-turmeliere.fr\/wp-content\/uploads\/2021\/05\/photo-drain-1-768x576.jpg 768w, https:\/\/auteursenresidence-turmeliere.fr\/wp-content\/uploads\/2021\/05\/photo-drain-1-1536x1152.jpg 1536w, https:\/\/auteursenresidence-turmeliere.fr\/wp-content\/uploads\/2021\/05\/photo-drain-1-2048x1536.jpg 2048w, https:\/\/auteursenresidence-turmeliere.fr\/wp-content\/uploads\/2021\/05\/photo-drain-1-360x270.jpg 360w\" sizes=\"(max-width: 639px) 100vw, 639px\" \/><\/p>\n<p>&nbsp;<\/p>\n<p>Voici la description que nous fait Beno\u00eet de ce parcours:<\/p>\n<div class=\"gmail_default\"><em>R\u00e9ussir \u00e0 int\u00e9resser des CM1-CM2 \u00e0 la technique aust\u00e8re du sc\u00e9nario, en menant un atelier au long cours&#8230; Pari tenu puisque les \u00e9l\u00e8ves de madame Piedoie ont aujourd&rsquo;hui \u00e0 c\u0153ur de mener \u00e0 son terme le travail de dessin pour obtenir leurs bandes dessin\u00e9es compl\u00e8tes.<\/em><\/div>\n<div class=\"gmail_default\"><em>Apr\u00e8s deux s\u00e9ances de sensibilisation co-anim\u00e9es avec Carmen Lerendu \u00e0 la biblioth\u00e8que de Drain (visite de l&rsquo;exposition Pension Moreau, \u00e9vocation des diff\u00e9rents types de bandes dessin\u00e9es, pr\u00e9sentation de leurs livres de chevet par les \u00e9l\u00e8ves), on passe en classe \u00e0 la r\u00e9alisation d&rsquo;un v\u00e9ritable sc\u00e9nario de bande dessin\u00e9e. Travail avec plusieurs groupes pour faire grandir des histoires li\u00e9es au rapport que l&rsquo;\u00eatre humain entretient avec son environnement (sujet du projet en cours durant ma r\u00e9sidence).<\/em><\/div>\n<div><\/div>\n<div>Apr\u00e8s une derni\u00e8re s\u00e9ance \u00e0 la mi mars, les enfants ont continu\u00e9 \u00e0 travailler sur leur projet accompagn\u00e9s par leur professeur, Mme Piedoie.<\/div>\n<div>Et le 25 mai au matin, ils ont eu la joie de retrouver Beno\u00eet pour lui pr\u00e9senter leurs planches mises en dessins!<\/div>\n","protected":false},"excerpt":{"rendered":"<p>Les \u00e9l\u00e8ves de la classe de CM2 de l&rsquo;\u00e9cole publique de Drain ont suivi un parcours d&rsquo;Education Artistique et Culturelle avec Beno\u00eet Broyart et le soutien de Mme Carmen Lecardeux, biblioth\u00e9caire de Drain. Ce sont pas moins de six rencontres qui ont permis aux \u00e9l\u00e8ves de se familiraiser avec l&rsquo;auteur, son travail puis de se lancer eux m\u00eame dans la construction d&rsquo;un sc\u00e9nario de Bande Dessin\u00e9e! Pour leur premi\u00e8re rencontre avec Beno\u00eet, les \u00e9l\u00e8ves ont \u00e9t\u00e9 accueillis \u00e0 la biblioth\u00e8que&#8230;<\/p>\n<p class=\"read-more\"><a class=\"btn btn-default\" href=\"https:\/\/auteursenresidence-turmeliere.fr\/index.php\/les-residences-passees\/benoit-broyart\/parcours-deducation-artistique-et-culturels-avec-oree-danjou\/\">Lire la suite<span class=\"screen-reader-text\"> Lire la suite<\/span><\/a><\/p>\n","protected":false},"author":1,"featured_media":0,"parent":258,"menu_order":0,"comment_status":"closed","ping_status":"closed","template":"","meta":[],"_links":{"self":[{"href":"https:\/\/auteursenresidence-turmeliere.fr\/index.php\/wp-json\/wp\/v2\/pages\/185"}],"collection":[{"href":"https:\/\/auteursenresidence-turmeliere.fr\/index.php\/wp-json\/wp\/v2\/pages"}],"about":[{"href":"https:\/\/auteursenresidence-turmeliere.fr\/index.php\/wp-json\/wp\/v2\/types\/page"}],"author":[{"embeddable":true,"href":"https:\/\/auteursenresidence-turmeliere.fr\/index.php\/wp-json\/wp\/v2\/users\/1"}],"replies":[{"embeddable":true,"href":"https:\/\/auteursenresidence-turmeliere.fr\/index.php\/wp-json\/wp\/v2\/comments?post=185"}],"version-history":[{"count":2,"href":"https:\/\/auteursenresidence-turmeliere.fr\/index.php\/wp-json\/wp\/v2\/pages\/185\/revisions"}],"predecessor-version":[{"id":189,"href":"https:\/\/auteursenresidence-turmeliere.fr\/index.php\/wp-json\/wp\/v2\/pages\/185\/revisions\/189"}],"up":[{"embeddable":true,"href":"https:\/\/auteursenresidence-turmeliere.fr\/index.php\/wp-json\/wp\/v2\/pages\/258"}],"wp:attachment":[{"href":"https:\/\/auteursenresidence-turmeliere.fr\/index.php\/wp-json\/wp\/v2\/media?parent=185"}],"curies":[{"name":"wp","href":"https:\/\/api.w.org\/{rel}","templated":true}]}}