{"id":179,"date":"2021-05-26T13:50:21","date_gmt":"2021-05-26T11:50:21","guid":{"rendered":"http:\/\/auteursenresidence-turmeliere.fr\/?page_id=179"},"modified":"2022-04-13T09:57:20","modified_gmt":"2022-04-13T07:57:20","slug":"parcours-deducation-artistique-et-culturel-avec-la-compa","status":"publish","type":"page","link":"https:\/\/auteursenresidence-turmeliere.fr\/index.php\/les-residences-passees\/benoit-broyart\/parcours-deducation-artistique-et-culturel-avec-la-compa\/","title":{"rendered":"Parcours d&rsquo;Education Artistique et Culturel avec la COMPA"},"content":{"rendered":"<p>Le parcours EAC propos\u00e9 par la COMPA s&rsquo;adressait \u00e0 une classe de CM2 de l&rsquo;\u00e9cole de Montrelais et \u00e0 une classe de 6e du coll\u00e8ge d&rsquo;Ingrandes sur Loire, et voyait la collaboration e Laurent Richard, dessinateur complice de Beno\u00eet sur le projet de cr\u00e9ation en gestation pendant la r\u00e9sidence&#8230; Il nous faut souligner ici l&rsquo;investissement \u00ab\u00a0des Marina\u00a0\u00bb, respectivement professeur des \u00e9coles et professeur documentaliste dont l&rsquo;investissement, coupl\u00e9 \u00e0 celui de Mme Legendre, coordinatrice des r\u00e9seaux de biblioth\u00e8ques de la COMPA a grandement facilit\u00e9 et d\u00e9cupler l&rsquo;impact de ce parcours.<\/p>\n<figure id=\"attachment_221\" aria-describedby=\"caption-attachment-221\" style=\"width: 300px\" class=\"wp-caption alignnone\"><img loading=\"lazy\" class=\"size-medium wp-image-221\" src=\"http:\/\/auteursenresidence-turmeliere.fr\/wp-content\/uploads\/2021\/05\/IMG_20210401_135441-1-300x225.jpg\" alt=\"\" width=\"300\" height=\"225\" srcset=\"https:\/\/auteursenresidence-turmeliere.fr\/wp-content\/uploads\/2021\/05\/IMG_20210401_135441-1-300x225.jpg 300w, https:\/\/auteursenresidence-turmeliere.fr\/wp-content\/uploads\/2021\/05\/IMG_20210401_135441-1-1024x768.jpg 1024w, https:\/\/auteursenresidence-turmeliere.fr\/wp-content\/uploads\/2021\/05\/IMG_20210401_135441-1-768x576.jpg 768w, https:\/\/auteursenresidence-turmeliere.fr\/wp-content\/uploads\/2021\/05\/IMG_20210401_135441-1-1536x1152.jpg 1536w, https:\/\/auteursenresidence-turmeliere.fr\/wp-content\/uploads\/2021\/05\/IMG_20210401_135441-1-2048x1536.jpg 2048w, https:\/\/auteursenresidence-turmeliere.fr\/wp-content\/uploads\/2021\/05\/IMG_20210401_135441-1-360x270.jpg 360w\" sizes=\"(max-width: 300px) 100vw, 300px\" \/><figcaption id=\"caption-attachment-221\" class=\"wp-caption-text\">Beno\u00eet et Laurent pr\u00e9sentent l&rsquo;avanc\u00e9e de leurs travaux aux enfants de Montrelais<\/figcaption><\/figure>\n<p>La premi\u00e8re rencontre a eu lieu sur le site m\u00eame de la Turmeli\u00e8re, o\u00f9 un peu \u00e0 l&rsquo;image de ce qui allait se vivre dans les ballades litt\u00e9raires, chaque classe disposait de deux temps de rencontres bien distincts (puisque malheureusement, l&rsquo;\u00e9poque se pr\u00eate peu au m\u00e9lange des enfants&#8230;). Une heure en compagnie de M Barbedet, pour d\u00e9couvrir l&rsquo;endroit de r\u00e9sidence de l&rsquo;auteur, une heure en compagnie de Beno\u00eet pour en faire sa rencontre et \u00e9changer avec lui au sujet de la Nature.<\/p>\n<p><u>Ensuite, le travail men\u00e9 sur 4 s\u00e9ances avec deux classes distinctes (une de CM2 et une de 6e). Apr\u00e8s deux s\u00e9ances men\u00e9es \u00e0 la m\u00e9diath\u00e8que de Varades, consacr\u00e9es \u00e0 l&rsquo;exposition Pension Moreau et \u00e0 la sensibilisation \u00e0 la sp\u00e9cificit\u00e9 de la narration en bande dessin\u00e9e, on se donne rendez-vous en classe pour un atelier men\u00e9 avec la complicit\u00e9 du dessinateur Laurent Richard avec lequel je d\u00e9veloppe mon projet en r\u00e9sidence. Plong\u00e9e dans l&rsquo;univers de la bande dessin\u00e9e pour un atelier exp\u00e9riment\u00e9 par chaque \u00e9l\u00e8ve individuellement. On imagine un personnage qui se m\u00e9tamorphose en animal. On dessine une planche pour relater cette m\u00e9tamorphose. Tous les aspects du m\u00e9dia sont abord\u00e9s, les aspects sc\u00e9naristiques comme les aspects dessin\u00e9s.<\/u><\/p>\n<p>&nbsp;<\/p>\n<p>Le dernier atelier, pr\u00e9vu le 1er avril, s&rsquo;il a permis aux enfants de mettre en forme leur planche de bande dessin\u00e9e, a surtout permis de constater que si l&rsquo;objectif d&rsquo;une rencontre avec des auteurs est de casser \u00ab\u00a0la violence symbolique\u00a0\u00bb et de favoriser des rapprochements, alors nous avons r\u00e9ussi notre pari!<img loading=\"lazy\" class=\"size-medium wp-image-220 aligncenter\" src=\"http:\/\/auteursenresidence-turmeliere.fr\/wp-content\/uploads\/2021\/05\/IMG_20210401_155602-225x300.jpg\" alt=\"\" width=\"225\" height=\"300\" srcset=\"https:\/\/auteursenresidence-turmeliere.fr\/wp-content\/uploads\/2021\/05\/IMG_20210401_155602-225x300.jpg 225w, https:\/\/auteursenresidence-turmeliere.fr\/wp-content\/uploads\/2021\/05\/IMG_20210401_155602-768x1024.jpg 768w, https:\/\/auteursenresidence-turmeliere.fr\/wp-content\/uploads\/2021\/05\/IMG_20210401_155602-1152x1536.jpg 1152w, https:\/\/auteursenresidence-turmeliere.fr\/wp-content\/uploads\/2021\/05\/IMG_20210401_155602-1536x2048.jpg 1536w, https:\/\/auteursenresidence-turmeliere.fr\/wp-content\/uploads\/2021\/05\/IMG_20210401_155602-203x270.jpg 203w, https:\/\/auteursenresidence-turmeliere.fr\/wp-content\/uploads\/2021\/05\/IMG_20210401_155602-scaled.jpg 1920w\" sizes=\"(max-width: 225px) 100vw, 225px\" \/><\/p>\n","protected":false},"excerpt":{"rendered":"<p>Le parcours EAC propos\u00e9 par la COMPA s&rsquo;adressait \u00e0 une classe de CM2 de l&rsquo;\u00e9cole de Montrelais et \u00e0 une classe de 6e du coll\u00e8ge d&rsquo;Ingrandes sur Loire, et voyait la collaboration e Laurent Richard, dessinateur complice de Beno\u00eet sur le projet de cr\u00e9ation en gestation pendant la r\u00e9sidence&#8230; Il nous faut souligner ici l&rsquo;investissement \u00ab\u00a0des Marina\u00a0\u00bb, respectivement professeur des \u00e9coles et professeur documentaliste dont l&rsquo;investissement, coupl\u00e9 \u00e0 celui de Mme Legendre, coordinatrice des r\u00e9seaux de biblioth\u00e8ques de la COMPA&#8230;<\/p>\n<p class=\"read-more\"><a class=\"btn btn-default\" href=\"https:\/\/auteursenresidence-turmeliere.fr\/index.php\/les-residences-passees\/benoit-broyart\/parcours-deducation-artistique-et-culturel-avec-la-compa\/\">Lire la suite<span class=\"screen-reader-text\"> Lire la suite<\/span><\/a><\/p>\n","protected":false},"author":1,"featured_media":0,"parent":258,"menu_order":0,"comment_status":"closed","ping_status":"closed","template":"","meta":[],"_links":{"self":[{"href":"https:\/\/auteursenresidence-turmeliere.fr\/index.php\/wp-json\/wp\/v2\/pages\/179"}],"collection":[{"href":"https:\/\/auteursenresidence-turmeliere.fr\/index.php\/wp-json\/wp\/v2\/pages"}],"about":[{"href":"https:\/\/auteursenresidence-turmeliere.fr\/index.php\/wp-json\/wp\/v2\/types\/page"}],"author":[{"embeddable":true,"href":"https:\/\/auteursenresidence-turmeliere.fr\/index.php\/wp-json\/wp\/v2\/users\/1"}],"replies":[{"embeddable":true,"href":"https:\/\/auteursenresidence-turmeliere.fr\/index.php\/wp-json\/wp\/v2\/comments?post=179"}],"version-history":[{"count":4,"href":"https:\/\/auteursenresidence-turmeliere.fr\/index.php\/wp-json\/wp\/v2\/pages\/179\/revisions"}],"predecessor-version":[{"id":223,"href":"https:\/\/auteursenresidence-turmeliere.fr\/index.php\/wp-json\/wp\/v2\/pages\/179\/revisions\/223"}],"up":[{"embeddable":true,"href":"https:\/\/auteursenresidence-turmeliere.fr\/index.php\/wp-json\/wp\/v2\/pages\/258"}],"wp:attachment":[{"href":"https:\/\/auteursenresidence-turmeliere.fr\/index.php\/wp-json\/wp\/v2\/media?parent=179"}],"curies":[{"name":"wp","href":"https:\/\/api.w.org\/{rel}","templated":true}]}}