{"id":109,"date":"2021-01-20T17:29:35","date_gmt":"2021-01-20T16:29:35","guid":{"rendered":"http:\/\/auteursenresidence-turmeliere.fr\/?page_id=109"},"modified":"2022-04-13T09:53:50","modified_gmt":"2022-04-13T07:53:50","slug":"a-lheure-de-faire-ma-valise","status":"publish","type":"page","link":"https:\/\/auteursenresidence-turmeliere.fr\/index.php\/les-residences-passees\/benoit-broyart\/a-lheure-de-faire-ma-valise\/","title":{"rendered":"A l&rsquo;heure de faire ma valise&#8230;"},"content":{"rendered":"<p>Bonjour \u00e0 toutes et tous,<\/p>\n<p>A l&rsquo;heure de faire ma valise&#8230; j&rsquo;arrive d\u00e8s lundi \u00e0 la Turmeli\u00e8re pour une premi\u00e8re session de r\u00e9sidence de 4 semaines, j&rsquo;avais envie de partager avec vous le texte que j&rsquo;ai \u00e9crit pour accompagner mes v\u0153ux de bonne ann\u00e9e. M\u00eame si le c\u0153ur de mon travail s&rsquo;articulera autour de la cr\u00e9ation d&rsquo;un sc\u00e9nario de bande dessin\u00e9e sur le th\u00e8me de la remise en cause du sp\u00e9cisme, sera une interrogation sur ce que pourrait, devrait \u00eatre nos rapports avec le vivant qui nous entoure&#8230; eh bien je crois que ce court po\u00e8me colle \u00e0 la th\u00e9matique.<\/p>\n<p>Belle ann\u00e9e \u00e0 toutes et tous et h\u00e2te d&rsquo;\u00eatre parmi vous !<\/p>\n<p>Et si vous souhaitez vous familiariser avec mon univers, mon travail, c&rsquo;est par l\u00e0 : www.benoitbroyart.fr<\/p>\n<p>&nbsp;<\/p>\n<p><strong>Un jour je reviendrai<\/strong><\/p>\n<p>Un jour je reviendrai<\/p>\n<p>Vacciner les abeilles<\/p>\n<p>F\u00e9liciter les pitres<\/p>\n<p>Dynamiter les murs ternes<\/p>\n<p>Un jour je reviendrai<\/p>\n<p>Fracasser Jeff Bezos<\/p>\n<p>\u00c9liminer l\u2019absence<\/p>\n<p>Briser les chairs de poule<\/p>\n<p>Un jour je reviendrai<\/p>\n<p>Dig\u00e9rer les hypers<\/p>\n<p>Phagocyter les poutres<\/p>\n<p>D\u00e9foncer les barri\u00e8res<\/p>\n<p>Un jour je reviendrai<\/p>\n<p>Toucher les arbres au centre<\/p>\n<p>Parler avec les loups<\/p>\n<p>Coucher dans un terrier<\/p>\n<p>Un jour je reviendrai<\/p>\n<p>Le plus discret possible<\/p>\n<p>Pour ne pas r\u00e9veiller les renards<\/p>\n<p>Pour ne pas souiller le sable en marchant<\/p>\n<p>Pour partager mon souffle avec le vent<\/p>\n<p>Beno\u00eet Broyart<\/p>\n","protected":false},"excerpt":{"rendered":"<p>Bonjour \u00e0 toutes et tous, A l&rsquo;heure de faire ma valise&#8230; j&rsquo;arrive d\u00e8s lundi \u00e0 la Turmeli\u00e8re pour une premi\u00e8re session de r\u00e9sidence de 4 semaines, j&rsquo;avais envie de partager avec vous le texte que j&rsquo;ai \u00e9crit pour accompagner mes v\u0153ux de bonne ann\u00e9e. M\u00eame si le c\u0153ur de mon travail s&rsquo;articulera autour de la cr\u00e9ation d&rsquo;un sc\u00e9nario de bande dessin\u00e9e sur le th\u00e8me de la remise en cause du sp\u00e9cisme, sera une interrogation sur ce que pourrait, devrait \u00eatre&#8230;<\/p>\n<p class=\"read-more\"><a class=\"btn btn-default\" href=\"https:\/\/auteursenresidence-turmeliere.fr\/index.php\/les-residences-passees\/benoit-broyart\/a-lheure-de-faire-ma-valise\/\">Lire la suite<span class=\"screen-reader-text\"> Lire la suite<\/span><\/a><\/p>\n","protected":false},"author":1,"featured_media":0,"parent":258,"menu_order":0,"comment_status":"closed","ping_status":"closed","template":"","meta":[],"_links":{"self":[{"href":"https:\/\/auteursenresidence-turmeliere.fr\/index.php\/wp-json\/wp\/v2\/pages\/109"}],"collection":[{"href":"https:\/\/auteursenresidence-turmeliere.fr\/index.php\/wp-json\/wp\/v2\/pages"}],"about":[{"href":"https:\/\/auteursenresidence-turmeliere.fr\/index.php\/wp-json\/wp\/v2\/types\/page"}],"author":[{"embeddable":true,"href":"https:\/\/auteursenresidence-turmeliere.fr\/index.php\/wp-json\/wp\/v2\/users\/1"}],"replies":[{"embeddable":true,"href":"https:\/\/auteursenresidence-turmeliere.fr\/index.php\/wp-json\/wp\/v2\/comments?post=109"}],"version-history":[{"count":1,"href":"https:\/\/auteursenresidence-turmeliere.fr\/index.php\/wp-json\/wp\/v2\/pages\/109\/revisions"}],"predecessor-version":[{"id":111,"href":"https:\/\/auteursenresidence-turmeliere.fr\/index.php\/wp-json\/wp\/v2\/pages\/109\/revisions\/111"}],"up":[{"embeddable":true,"href":"https:\/\/auteursenresidence-turmeliere.fr\/index.php\/wp-json\/wp\/v2\/pages\/258"}],"wp:attachment":[{"href":"https:\/\/auteursenresidence-turmeliere.fr\/index.php\/wp-json\/wp\/v2\/media?parent=109"}],"curies":[{"name":"wp","href":"https:\/\/api.w.org\/{rel}","templated":true}]}}